{"id":10,"date":"2022-12-18T13:33:34","date_gmt":"2022-12-18T12:33:34","guid":{"rendered":"https:\/\/audatacity.com\/en\/?page_id=10"},"modified":"2023-01-24T18:11:16","modified_gmt":"2023-01-24T17:11:16","slug":"services","status":"publish","type":"page","link":"https:\/\/audatacity.com\/fr\/services\/","title":{"rendered":"Services"},"content":{"rendered":"<p>[et_pb_section fb_built=\u00a0\u00bb1&Prime; admin_label=\u00a0\u00bbHero\u00a0\u00bb _builder_version=\u00a0\u00bb4.19.1&Prime; background_color=\u00a0\u00bb#003bde\u00a0\u00bb use_background_color_gradient=\u00a0\u00bbon\u00a0\u00bb background_color_gradient_stops=\u00a0\u00bb#2b2655 1%|rgba(43,38,85,0.87) 14%|#5b9bd5 100%\u00a0\u00bb background_color_gradient_start=\u00a0\u00bb#003bde\u00a0\u00bb background_color_gradient_end=\u00a0\u00bb#58d0ff\u00a0\u00bb custom_padding=\u00a0\u00bb34px|0px|94px|0px|false|false\u00a0\u00bb top_divider_color=\u00a0\u00bb#F2F2F2&Prime; bottom_divider_style=\u00a0\u00bbclouds2&Prime; bottom_divider_color=\u00a0\u00bb#F2F2F2&Prime; locked=\u00a0\u00bboff\u00a0\u00bb global_colors_info=\u00a0\u00bb{}\u00a0\u00bb][et_pb_row column_structure=\u00a0\u00bb1_2,1_2&Prime; _builder_version=\u00a0\u00bb4.19.1&Prime; custom_padding=\u00a0\u00bb7px||32px|||\u00a0\u00bb global_colors_info=\u00a0\u00bb{}\u00a0\u00bb][et_pb_column type=\u00a0\u00bb1_2&Prime; _builder_version=\u00a0\u00bb4.16&Prime; custom_padding=\u00a0\u00bb|||\u00a0\u00bb global_colors_info=\u00a0\u00bb{}\u00a0\u00bb custom_padding__hover=\u00a0\u00bb|||\u00a0\u00bb][et_pb_text _builder_version=\u00a0\u00bb4.19.1&Prime; _module_preset=\u00a0\u00bbdefault\u00a0\u00bb text_font=\u00a0\u00bb||||||||\u00a0\u00bb text_text_color=\u00a0\u00bb#F2F2F2&Prime; text_font_size=\u00a0\u00bb16px\u00a0\u00bb header_font=\u00a0\u00bb|700|||||||\u00a0\u00bb header_text_color=\u00a0\u00bb#F2F2F2&Prime; header_font_size=\u00a0\u00bb40px\u00a0\u00bb header_letter_spacing=\u00a0\u00bb2px\u00a0\u00bb header_line_height=\u00a0\u00bb1.4em\u00a0\u00bb custom_margin=\u00a0\u00bb0px||0px||false|false\u00a0\u00bb custom_padding=\u00a0\u00bb0px||0px||false|false\u00a0\u00bb global_colors_info=\u00a0\u00bb{}\u00a0\u00bb]<\/p>\n<h1>Donnez un nouvel \u00e9lan \u00e0 vos produits et \u00e0 vos data<\/h1>\n<p>[\/et_pb_text][et_pb_button button_url=\u00a0\u00bb@ET-DC@eyJkeW5hbWljIjp0cnVlLCJjb250ZW50IjoicG9zdF9saW5rX3VybF9wYWdlIiwic2V0dGluZ3MiOnsicG9zdF9pZCI6IjkxIn19@\u00a0\u00bb button_text=\u00a0\u00bbContactez-moi pour lancer votre projet\u00a0\u00bb _builder_version=\u00a0\u00bb4.19.1&Prime; _dynamic_attributes=\u00a0\u00bbbutton_url\u00a0\u00bb _module_preset=\u00a0\u00bbdefault\u00a0\u00bb custom_button=\u00a0\u00bbon\u00a0\u00bb button_text_size=\u00a0\u00bb17px\u00a0\u00bb button_text_color=\u00a0\u00bb#F2F2F2&Prime; button_bg_color=\u00a0\u00bb#DF7A1E\u00a0\u00bb button_border_color=\u00a0\u00bbRGBA(255,255,255,0)\u00a0\u00bb button_border_radius=\u00a0\u00bb55px\u00a0\u00bb button_font=\u00a0\u00bbPoppins||||||||\u00a0\u00bb background_layout=\u00a0\u00bbdark\u00a0\u00bb custom_margin=\u00a0\u00bb25px||||false|false\u00a0\u00bb custom_padding=\u00a0\u00bb10px||10px||false|true\u00a0\u00bb global_colors_info=\u00a0\u00bb{}\u00a0\u00bb][\/et_pb_button][\/et_pb_column][et_pb_column type=\u00a0\u00bb1_2&Prime; _builder_version=\u00a0\u00bb4.16&Prime; custom_padding=\u00a0\u00bb|||\u00a0\u00bb global_colors_info=\u00a0\u00bb{}\u00a0\u00bb custom_padding__hover=\u00a0\u00bb|||\u00a0\u00bb][et_pb_code _builder_version=\u00a0\u00bb4.19.1&Prime; _module_preset=\u00a0\u00bbdefault\u00a0\u00bb width=\u00a0\u00bb90%\u00a0\u00bb module_alignment=\u00a0\u00bbcenter\u00a0\u00bb custom_margin=\u00a0\u00bb||||false|false\u00a0\u00bb custom_padding=\u00a0\u00bb||||false|false\u00a0\u00bb box_shadow_style=\u00a0\u00bbpreset3&Prime; box_shadow_color=\u00a0\u00bb#2B2655&Prime; global_colors_info=\u00a0\u00bb{}\u00a0\u00bb]<iframe loading=\"lazy\" src=\"https:\/\/player.vimeo.com\/video\/782107575?autoplay=1&#038;muted=1&#038;loop=1\" width=\"640\" height=\"360\" frameborder=\"0\" allow=\"autoplay; fullscreen; picture-in-picture\" allowfullscreen><\/iframe>[\/et_pb_code][\/et_pb_column][\/et_pb_row][\/et_pb_section][et_pb_section fb_built=\u00a0\u00bb1&Prime; admin_label=\u00a0\u00bbSection\u00a0\u00bb _builder_version=\u00a0\u00bb4.19.1&Prime; _module_preset=\u00a0\u00bbdefault\u00a0\u00bb background_color=\u00a0\u00bb#F2F2F2&Prime; custom_padding=\u00a0\u00bb4px|||||\u00a0\u00bb global_colors_info=\u00a0\u00bb{}\u00a0\u00bb][et_pb_row column_structure=\u00a0\u00bb1_2,1_2&Prime; _builder_version=\u00a0\u00bb4.19.1&Prime; _module_preset=\u00a0\u00bbdefault\u00a0\u00bb global_colors_info=\u00a0\u00bb{}\u00a0\u00bb][et_pb_column type=\u00a0\u00bb1_2&Prime; _builder_version=\u00a0\u00bb4.19.1&Prime; _module_preset=\u00a0\u00bbdefault\u00a0\u00bb global_colors_info=\u00a0\u00bb{}\u00a0\u00bb][et_pb_blurb title=\u00a0\u00bb\u00c9laborez votre strat\u00e9gie marketing produit et pr\u00e9parez sa r\u00e9alisation\u00a0\u00bb image=\u00a0\u00bbhttps:\/\/audatacity.com\/en\/wp-content\/uploads\/sites\/2\/2022\/12\/cropped-Audatacity-Logo.png\u00a0\u00bb icon_placement=\u00a0\u00bbleft\u00a0\u00bb _builder_version=\u00a0\u00bb4.19.1&Prime; header_level=\u00a0\u00bbh2&Prime; header_font=\u00a0\u00bb||||||||\u00a0\u00bb header_text_align=\u00a0\u00bbleft\u00a0\u00bb header_font_size=\u00a0\u00bb18px\u00a0\u00bb header_line_height=\u00a0\u00bb1.6em\u00a0\u00bb body_font=\u00a0\u00bb|300|||||||\u00a0\u00bb body_line_height=\u00a0\u00bb2em\u00a0\u00bb background_color=\u00a0\u00bb#ffffff\u00a0\u00bb text_orientation=\u00a0\u00bbcenter\u00a0\u00bb min_height=\u00a0\u00bb280px\u00a0\u00bb min_height_tablet=\u00a0\u00bb280px\u00a0\u00bb min_height_phone=\u00a0\u00bb480px\u00a0\u00bb min_height_last_edited=\u00a0\u00bbon|phone\u00a0\u00bb custom_padding=\u00a0\u00bb30px|30px|30px|30px|true|true\u00a0\u00bb animation_style=\u00a0\u00bbzoom\u00a0\u00bb animation_intensity_zoom=\u00a0\u00bb10%\u00a0\u00bb animation=\u00a0\u00bboff\u00a0\u00bb custom_css_main_element=\u00a0\u00bbfont-weight:500;\u00a0\u00bb border_radii=\u00a0\u00bbon|10px|10px|10px|10px\u00a0\u00bb box_shadow_style=\u00a0\u00bbpreset3&Prime; box_shadow_vertical=\u00a0\u00bb10px\u00a0\u00bb box_shadow_blur=\u00a0\u00bb80px\u00a0\u00bb box_shadow_spread=\u00a0\u00bb-10px\u00a0\u00bb box_shadow_color=\u00a0\u00bbrgba(44,54,92,0.2)\u00a0\u00bb global_colors_info=\u00a0\u00bb{}\u00a0\u00bb]<\/p>\n<ul class=\"ul1\">\n<li class=\"li1\" style=\"text-align: left;\">Formaliser votre vision produit<\/li>\n<li class=\"li1\" style=\"text-align: left;\">D\u00e9finir votre strat\u00e9gie et vos plans de lancement<\/li>\n<li class=\"li1\" style=\"text-align: left;\">Mettre en place l&rsquo;organisation et recruter les talents<\/li>\n<li class=\"li1\" style=\"text-align: left;\">Conna\u00eetre votre march\u00e9 et votre concurrence<\/li>\n<li class=\"li1\" style=\"text-align: left;\">\u00c9laborer les profils de vos clients et les persona<\/li>\n<\/ul>\n<p>[\/et_pb_blurb][\/et_pb_column][et_pb_column type=\u00a0\u00bb1_2&Prime; admin_label=\u00a0\u00bbColonne\u00a0\u00bb _builder_version=\u00a0\u00bb4.19.1&Prime; _module_preset=\u00a0\u00bbdefault\u00a0\u00bb global_colors_info=\u00a0\u00bb{}\u00a0\u00bb][et_pb_blurb title=\u00a0\u00bbLancez vos produits et solutions, \u00e0 grande \u00e9chelle\u00a0\u00bb image=\u00a0\u00bbhttps:\/\/audatacity.com\/en\/wp-content\/uploads\/sites\/2\/2022\/12\/cropped-Audatacity-Logo.png\u00a0\u00bb icon_placement=\u00a0\u00bbleft\u00a0\u00bb _builder_version=\u00a0\u00bb4.19.1&Prime; header_level=\u00a0\u00bbh2&Prime; header_font=\u00a0\u00bb||||||||\u00a0\u00bb header_text_align=\u00a0\u00bbleft\u00a0\u00bb header_font_size=\u00a0\u00bb18px\u00a0\u00bb header_line_height=\u00a0\u00bb1.6em\u00a0\u00bb body_font=\u00a0\u00bb|300|||||||\u00a0\u00bb body_line_height=\u00a0\u00bb2em\u00a0\u00bb background_color=\u00a0\u00bb#ffffff\u00a0\u00bb text_orientation=\u00a0\u00bbcenter\u00a0\u00bb min_height_tablet=\u00a0\u00bb280px\u00a0\u00bb min_height_phone=\u00a0\u00bb480px\u00a0\u00bb min_height_last_edited=\u00a0\u00bbon|phone\u00a0\u00bb custom_padding=\u00a0\u00bb30px|30px|30px|30px|true|true\u00a0\u00bb animation_style=\u00a0\u00bbzoom\u00a0\u00bb animation_intensity_zoom=\u00a0\u00bb10%\u00a0\u00bb animation=\u00a0\u00bboff\u00a0\u00bb custom_css_main_element=\u00a0\u00bbfont-weight:500;\u00a0\u00bb border_radii=\u00a0\u00bbon|10px|10px|10px|10px\u00a0\u00bb box_shadow_style=\u00a0\u00bbpreset3&Prime; box_shadow_vertical=\u00a0\u00bb10px\u00a0\u00bb box_shadow_blur=\u00a0\u00bb80px\u00a0\u00bb box_shadow_spread=\u00a0\u00bb-10px\u00a0\u00bb box_shadow_color=\u00a0\u00bbrgba(44,54,92,0.2)\u00a0\u00bb global_colors_info=\u00a0\u00bb{}\u00a0\u00bb]<\/p>\n<ul>\n<li class=\"li1\" style=\"text-align: left;\">Orchestrer le lancement de votre produit<\/li>\n<li class=\"li1\" style=\"text-align: left;\">D\u00e9finir le pricing et le packaging<\/li>\n<li class=\"li1\" style=\"text-align: left;\">D\u00e9terminer votre cible et comment l&rsquo;atteindre<\/li>\n<li class=\"li1\" style=\"text-align: left;\">Pr\u00e9parer vos \u00e9quipes et vos partenaires<\/li>\n<li class=\"li1\" style=\"text-align: left;\">Mettre en place le plan de promotion<\/li>\n<\/ul>\n<p>[\/et_pb_blurb][et_pb_button button_text=\u00a0\u00bbD\u00e9couvrez l\u2019approche packag\u00e9e pour le positionnement et le messaging\u00a0\u00bb button_alignment=\u00a0\u00bbcenter\u00a0\u00bb _builder_version=\u00a0\u00bb4.19.1&Prime; _module_preset=\u00a0\u00bbdefault\u00a0\u00bb custom_button=\u00a0\u00bbon\u00a0\u00bb button_text_size=\u00a0\u00bb15px\u00a0\u00bb button_text_color=\u00a0\u00bb#F2F2F2&Prime; button_bg_color=\u00a0\u00bb#DF7A1E\u00a0\u00bb button_border_color=\u00a0\u00bbRGBA(255,255,255,0)\u00a0\u00bb button_border_radius=\u00a0\u00bb55px\u00a0\u00bb background_layout=\u00a0\u00bbdark\u00a0\u00bb custom_margin=\u00a0\u00bb-66px||||false|false\u00a0\u00bb custom_padding=\u00a0\u00bb10px||10px||false|true\u00a0\u00bb hover_enabled=\u00a0\u00bb0&Prime; custom_css_main_element=\u00a0\u00bbwidth: 80%;\u00a0\u00bb global_colors_info=\u00a0\u00bb{}\u00a0\u00bb theme_builder_area=\u00a0\u00bbpost_content\u00a0\u00bb sticky_enabled=\u00a0\u00bb0&Prime; button_url=\u00a0\u00bb@ET-DC@eyJkeW5hbWljIjp0cnVlLCJjb250ZW50IjoicG9zdF9saW5rX3VybF9wYWdlIiwic2V0dGluZ3MiOnsicG9zdF9pZCI6IjI2NSJ9fQ==@\u00a0\u00bb _dynamic_attributes=\u00a0\u00bbbutton_url\u00a0\u00bb][\/et_pb_button][\/et_pb_column][\/et_pb_row][et_pb_row column_structure=\u00a0\u00bb1_2,1_2&Prime; _builder_version=\u00a0\u00bb4.19.1&Prime; _module_preset=\u00a0\u00bbdefault\u00a0\u00bb global_colors_info=\u00a0\u00bb{}\u00a0\u00bb][et_pb_column type=\u00a0\u00bb1_2&Prime; _builder_version=\u00a0\u00bb4.19.1&Prime; _module_preset=\u00a0\u00bbdefault\u00a0\u00bb global_colors_info=\u00a0\u00bb{}\u00a0\u00bb][et_pb_blurb title=\u00a0\u00bbCr\u00e9er la proposition de valeur pour accro\u00eetre votre impact sur le march\u00e9.\u00a0\u00bb image=\u00a0\u00bbhttps:\/\/audatacity.com\/en\/wp-content\/uploads\/sites\/2\/2022\/12\/cropped-Audatacity-Logo.png\u00a0\u00bb icon_placement=\u00a0\u00bbleft\u00a0\u00bb _builder_version=\u00a0\u00bb4.19.1&Prime; header_level=\u00a0\u00bbh2&Prime; header_font=\u00a0\u00bb||||||||\u00a0\u00bb header_text_align=\u00a0\u00bbleft\u00a0\u00bb header_font_size=\u00a0\u00bb18px\u00a0\u00bb header_line_height=\u00a0\u00bb1.6em\u00a0\u00bb body_font=\u00a0\u00bb|300|||||||\u00a0\u00bb body_line_height=\u00a0\u00bb2em\u00a0\u00bb background_color=\u00a0\u00bb#ffffff\u00a0\u00bb text_orientation=\u00a0\u00bbcenter\u00a0\u00bb min_height=\u00a0\u00bb280px\u00a0\u00bb min_height_tablet=\u00a0\u00bb280px\u00a0\u00bb min_height_phone=\u00a0\u00bb450px\u00a0\u00bb min_height_last_edited=\u00a0\u00bbon|phone\u00a0\u00bb custom_padding=\u00a0\u00bb30px|30px|30px|30px|true|true\u00a0\u00bb animation_style=\u00a0\u00bbzoom\u00a0\u00bb animation_intensity_zoom=\u00a0\u00bb10%\u00a0\u00bb animation=\u00a0\u00bboff\u00a0\u00bb custom_css_main_element=\u00a0\u00bbfont-weight:500;\u00a0\u00bb border_radii=\u00a0\u00bbon|10px|10px|10px|10px\u00a0\u00bb box_shadow_style=\u00a0\u00bbpreset3&Prime; box_shadow_vertical=\u00a0\u00bb10px\u00a0\u00bb box_shadow_blur=\u00a0\u00bb80px\u00a0\u00bb box_shadow_spread=\u00a0\u00bb-10px\u00a0\u00bb box_shadow_color=\u00a0\u00bbrgba(44,54,92,0.2)\u00a0\u00bb global_colors_info=\u00a0\u00bb{}\u00a0\u00bb]<\/p>\n<ul>\n<li class=\"li1\" style=\"text-align: left;\"><span class=\"s1\"><\/span>D\u00e9finir votre message et positionnement<\/li>\n<li class=\"li1\" style=\"text-align: left;\">D\u00e9velopper le thought leadership et le contenu promotionnel<\/li>\n<li class=\"li1\" style=\"text-align: left;\">Formez vos \u00e9quipes et vos partenaires<\/li>\n<li class=\"li1\" style=\"text-align: left;\">Engagez les influenceurs<\/li>\n<\/ul>\n<p>[\/et_pb_blurb][\/et_pb_column][et_pb_column type=\u00a0\u00bb1_2&Prime; _builder_version=\u00a0\u00bb4.19.1&Prime; _module_preset=\u00a0\u00bbdefault\u00a0\u00bb global_colors_info=\u00a0\u00bb{}\u00a0\u00bb][et_pb_blurb title=\u00a0\u00bbFavoriser l&rsquo;adoption et les recommandations des clients\u00a0\u00bb image=\u00a0\u00bbhttps:\/\/audatacity.com\/en\/wp-content\/uploads\/sites\/2\/2022\/12\/cropped-Audatacity-Logo.png\u00a0\u00bb icon_placement=\u00a0\u00bbleft\u00a0\u00bb _builder_version=\u00a0\u00bb4.19.1&Prime; header_level=\u00a0\u00bbh2&Prime; header_font=\u00a0\u00bb||||||||\u00a0\u00bb header_text_align=\u00a0\u00bbleft\u00a0\u00bb header_font_size=\u00a0\u00bb18px\u00a0\u00bb header_line_height=\u00a0\u00bb1.6em\u00a0\u00bb body_font=\u00a0\u00bb|300|||||||\u00a0\u00bb body_line_height=\u00a0\u00bb2em\u00a0\u00bb background_color=\u00a0\u00bb#ffffff\u00a0\u00bb text_orientation=\u00a0\u00bbcenter\u00a0\u00bb min_height=\u00a0\u00bb280px\u00a0\u00bb min_height_tablet=\u00a0\u00bb280px\u00a0\u00bb min_height_phone=\u00a0\u00bb450px\u00a0\u00bb min_height_last_edited=\u00a0\u00bbon|phone\u00a0\u00bb custom_padding=\u00a0\u00bb30px|30px|30px|30px|true|true\u00a0\u00bb animation_style=\u00a0\u00bbzoom\u00a0\u00bb animation_intensity_zoom=\u00a0\u00bb10%\u00a0\u00bb animation=\u00a0\u00bboff\u00a0\u00bb custom_css_main_element=\u00a0\u00bbfont-weight:500;\u00a0\u00bb border_radii=\u00a0\u00bbon|10px|10px|10px|10px\u00a0\u00bb box_shadow_style=\u00a0\u00bbpreset3&Prime; box_shadow_vertical=\u00a0\u00bb10px\u00a0\u00bb box_shadow_blur=\u00a0\u00bb80px\u00a0\u00bb box_shadow_spread=\u00a0\u00bb-10px\u00a0\u00bb box_shadow_color=\u00a0\u00bbrgba(44,54,92,0.2)\u00a0\u00bb global_colors_info=\u00a0\u00bb{}\u00a0\u00bb]<\/p>\n<ul class=\"ul1\">\n<li class=\"li1\" style=\"text-align: left;\">D\u00e9velopper les programmes early adopters<\/li>\n<li class=\"li1\" style=\"text-align: left;\">Animer un customer advisory board<\/li>\n<li class=\"li1\" style=\"text-align: left;\">Cr\u00e9er des \u00e9tudes de cas et t\u00e9moignages client<\/li>\n<li class=\"li1\" style=\"text-align: left;\">Favoriser l&rsquo;adoption des fonctionnalit\u00e9s et l&rsquo;upsell<\/li>\n<li class=\"li1\" style=\"text-align: left;\">Capter la voix du client<\/li>\n<\/ul>\n<p>[\/et_pb_blurb][\/et_pb_column][\/et_pb_row][\/et_pb_section][et_pb_section fb_built=\u00a0\u00bb1&Prime; admin_label=\u00a0\u00bbHero\u00a0\u00bb _builder_version=\u00a0\u00bb4.19.1&Prime; background_color=\u00a0\u00bb#003bde\u00a0\u00bb use_background_color_gradient=\u00a0\u00bbon\u00a0\u00bb background_color_gradient_direction=\u00a0\u00bb0deg\u00a0\u00bb background_color_gradient_stops=\u00a0\u00bb#3c5184 0%|#2b2655 0%|rgba(74, 114, 168, 1) 100%|#5b9bd5 100%\u00a0\u00bb background_color_gradient_start=\u00a0\u00bb#003bde\u00a0\u00bb background_color_gradient_end=\u00a0\u00bb#58d0ff\u00a0\u00bb custom_padding=\u00a0\u00bb34px|0px|40px|0px|false|false\u00a0\u00bb top_divider_style=\u00a0\u00bbclouds2&Prime; top_divider_color=\u00a0\u00bb#F2F2F2&Prime; bottom_divider_color=\u00a0\u00bb#F2F2F2&Prime; global_colors_info=\u00a0\u00bb{}\u00a0\u00bb][et_pb_row _builder_version=\u00a0\u00bb4.19.1&Prime; _module_preset=\u00a0\u00bbdefault\u00a0\u00bb custom_padding=\u00a0\u00bb128px|||||\u00a0\u00bb global_colors_info=\u00a0\u00bb{}\u00a0\u00bb][et_pb_column type=\u00a0\u00bb4_4&Prime; _builder_version=\u00a0\u00bb4.16&Prime; _module_preset=\u00a0\u00bbdefault\u00a0\u00bb global_colors_info=\u00a0\u00bb{}\u00a0\u00bb][et_pb_text _builder_version=\u00a0\u00bb4.19.1&Prime; _module_preset=\u00a0\u00bbdf96b77a-cd4f-44a8-a771-2d6347592b53&Prime; header_2_font=\u00a0\u00bbDM Sans||||||||\u00a0\u00bb header_2_text_align=\u00a0\u00bbcenter\u00a0\u00bb header_2_text_color=\u00a0\u00bb#FFFFFF\u00a0\u00bb header_2_font_size=\u00a0\u00bb50px\u00a0\u00bb header_2_letter_spacing=\u00a0\u00bb-0.02em\u00a0\u00bb header_2_line_height=\u00a0\u00bb1.15em\u00a0\u00bb max_width=\u00a0\u00bb960px\u00a0\u00bb module_alignment=\u00a0\u00bbcenter\u00a0\u00bb custom_margin=\u00a0\u00bb||18px|||\u00a0\u00bb header_2_text_align_tablet=\u00a0\u00bbleft\u00a0\u00bb header_2_text_align_phone=\u00a0\u00bb\u00a0\u00bb header_2_text_align_last_edited=\u00a0\u00bbon|phone\u00a0\u00bb header_2_font_size_tablet=\u00a0\u00bb32px\u00a0\u00bb header_2_font_size_phone=\u00a0\u00bb20px\u00a0\u00bb header_2_font_size_last_edited=\u00a0\u00bbon|desktop\u00a0\u00bb locked=\u00a0\u00bboff\u00a0\u00bb global_colors_info=\u00a0\u00bb{}\u00a0\u00bb]<\/p>\n<h2 style=\"text-align: center;\">Une question ? Un besoin d&rsquo;expertise en marketing produit ou innovation data ?<\/h2>\n<p>[\/et_pb_text][et_pb_button button_url=\u00a0\u00bb@ET-DC@eyJkeW5hbWljIjp0cnVlLCJjb250ZW50IjoicG9zdF9saW5rX3VybF9wYWdlIiwic2V0dGluZ3MiOnsicG9zdF9pZCI6IjkxIn19@\u00a0\u00bb button_text=\u00a0\u00bbContactez-moi\u00a0\u00bb button_alignment=\u00a0\u00bbcenter\u00a0\u00bb _builder_version=\u00a0\u00bb4.19.1&Prime; _dynamic_attributes=\u00a0\u00bbbutton_url\u00a0\u00bb custom_button=\u00a0\u00bbon\u00a0\u00bb button_text_size=\u00a0\u00bb14px\u00a0\u00bb button_text_color=\u00a0\u00bb#F2F2F2&Prime; button_bg_color=\u00a0\u00bb#DF7A1E\u00a0\u00bb button_border_width=\u00a0\u00bb0px\u00a0\u00bb button_border_color=\u00a0\u00bbRGBA(255,255,255,0)\u00a0\u00bb button_border_radius=\u00a0\u00bb40px\u00a0\u00bb button_letter_spacing=\u00a0\u00bb1px\u00a0\u00bb button_font=\u00a0\u00bb|600||on|||||\u00a0\u00bb button_icon_color=\u00a0\u00bb#F2F2F2&Prime; background_layout=\u00a0\u00bbdark\u00a0\u00bb custom_margin=\u00a0\u00bb|||\u00a0\u00bb custom_padding=\u00a0\u00bb16px|40px|16px|40px|true|true\u00a0\u00bb hover_enabled=\u00a0\u00bb0&Prime; button_border_radius_hover=\u00a0\u00bb4px\u00a0\u00bb button_letter_spacing_hover=\u00a0\u00bb1px\u00a0\u00bb button_bg_color_hover=\u00a0\u00bb#0053ef\u00a0\u00bb global_colors_info=\u00a0\u00bb{}\u00a0\u00bb button_text_size__hover_enabled=\u00a0\u00bboff\u00a0\u00bb button_one_text_size__hover_enabled=\u00a0\u00bboff\u00a0\u00bb button_two_text_size__hover_enabled=\u00a0\u00bboff\u00a0\u00bb button_text_color__hover_enabled=\u00a0\u00bbon|desktop\u00a0\u00bb button_one_text_color__hover_enabled=\u00a0\u00bboff\u00a0\u00bb button_two_text_color__hover_enabled=\u00a0\u00bboff\u00a0\u00bb button_border_width__hover_enabled=\u00a0\u00bboff\u00a0\u00bb button_one_border_width__hover_enabled=\u00a0\u00bboff\u00a0\u00bb button_two_border_width__hover_enabled=\u00a0\u00bboff\u00a0\u00bb button_border_color__hover_enabled=\u00a0\u00bboff\u00a0\u00bb button_one_border_color__hover_enabled=\u00a0\u00bboff\u00a0\u00bb button_two_border_color__hover_enabled=\u00a0\u00bboff\u00a0\u00bb button_border_radius__hover_enabled=\u00a0\u00bbon|hover\u00a0\u00bb button_border_radius__hover=\u00a0\u00bb40px\u00a0\u00bb button_one_border_radius__hover_enabled=\u00a0\u00bboff\u00a0\u00bb button_two_border_radius__hover_enabled=\u00a0\u00bboff\u00a0\u00bb button_letter_spacing__hover_enabled=\u00a0\u00bbon\u00a0\u00bb button_letter_spacing__hover=\u00a0\u00bb1px\u00a0\u00bb button_one_letter_spacing__hover_enabled=\u00a0\u00bboff\u00a0\u00bb button_two_letter_spacing__hover_enabled=\u00a0\u00bboff\u00a0\u00bb button_bg_color__hover_enabled=\u00a0\u00bbon|hover\u00a0\u00bb button_bg_color__hover=\u00a0\u00bb#dd9552&Prime; button_one_bg_color__hover_enabled=\u00a0\u00bboff\u00a0\u00bb button_two_bg_color__hover_enabled=\u00a0\u00bboff\u00a0\u00bb button_bg_enable_color__hover=\u00a0\u00bbon\u00a0\u00bb button_text_color__hover=\u00a0\u00bb#F2F2F2&Prime; sticky_enabled=\u00a0\u00bb0&Prime;][\/et_pb_button][\/et_pb_column][\/et_pb_row][\/et_pb_section]<\/p>\n","protected":false},"excerpt":{"rendered":"<p>Donnez un nouvel \u00e9lan \u00e0 vos produits et \u00e0 vos data Formaliser votre vision produit D\u00e9finir votre strat\u00e9gie et vos plans de lancement Mettre en place l&rsquo;organisation et recruter les talents Conna\u00eetre votre march\u00e9 et votre concurrence \u00c9laborer les profils de vos clients et les persona Orchestrer le lancement de votre produit D\u00e9finir le pricing [&hellip;]<\/p>\n","protected":false},"author":2,"featured_media":0,"parent":0,"menu_order":0,"comment_status":"closed","ping_status":"closed","template":"","meta":{"_et_pb_use_builder":"on","_et_pb_old_content":"","_et_gb_content_width":"","footnotes":""},"yoast_head":"<!-- This site is optimized with the Yoast SEO plugin v20.13 - https:\/\/yoast.com\/wordpress\/plugins\/seo\/ -->\n<title>Audatacity - conseil et coaching en marketing produit<\/title>\n<meta name=\"description\" content=\"Audatacity accompagne le succ\u00e8s de vos produits, depuis la strat\u00e9gie jusqu&#039;au positionnement, lancement et go-to-market\" \/>\n<meta name=\"robots\" content=\"index, follow, max-snippet:-1, max-image-preview:large, max-video-preview:-1\" \/>\n<link rel=\"canonical\" href=\"https:\/\/audatacity.com\/fr\/services\/\" \/>\n<meta property=\"og:locale\" content=\"fr_FR\" \/>\n<meta property=\"og:type\" content=\"article\" \/>\n<meta property=\"og:title\" content=\"Audatacity - conseil et coaching en marketing produit\" \/>\n<meta property=\"og:description\" content=\"Audatacity accompagne le succ\u00e8s de vos produits, depuis la strat\u00e9gie jusqu&#039;au positionnement, lancement et go-to-market\" \/>\n<meta property=\"og:url\" content=\"https:\/\/audatacity.com\/fr\/services\/\" \/>\n<meta property=\"og:site_name\" content=\"Audatacity\" \/>\n<meta property=\"article:modified_time\" content=\"2023-01-24T17:11:16+00:00\" \/>\n<meta name=\"twitter:card\" content=\"summary_large_image\" \/>\n<meta name=\"twitter:label1\" content=\"Dur\u00e9e de lecture estim\u00e9e\" \/>\n\t<meta name=\"twitter:data1\" content=\"3 minutes\" \/>\n<script type=\"application\/ld+json\" class=\"yoast-schema-graph\">{\"@context\":\"https:\/\/schema.org\",\"@graph\":[{\"@type\":\"WebPage\",\"@id\":\"https:\/\/audatacity.com\/fr\/services\/\",\"url\":\"https:\/\/audatacity.com\/fr\/services\/\",\"name\":\"Audatacity - conseil et coaching en marketing produit\",\"isPartOf\":{\"@id\":\"https:\/\/audatacity.com\/fr\/#website\"},\"datePublished\":\"2022-12-18T12:33:34+00:00\",\"dateModified\":\"2023-01-24T17:11:16+00:00\",\"description\":\"Audatacity accompagne le succ\u00e8s de vos produits, depuis la strat\u00e9gie jusqu'au positionnement, lancement et go-to-market\",\"breadcrumb\":{\"@id\":\"https:\/\/audatacity.com\/fr\/services\/#breadcrumb\"},\"inLanguage\":\"fr-FR\",\"potentialAction\":[{\"@type\":\"ReadAction\",\"target\":[\"https:\/\/audatacity.com\/fr\/services\/\"]}]},{\"@type\":\"BreadcrumbList\",\"@id\":\"https:\/\/audatacity.com\/fr\/services\/#breadcrumb\",\"itemListElement\":[{\"@type\":\"ListItem\",\"position\":1,\"name\":\"Home\",\"item\":\"https:\/\/audatacity.com\/fr\/\"},{\"@type\":\"ListItem\",\"position\":2,\"name\":\"Services\"}]},{\"@type\":\"WebSite\",\"@id\":\"https:\/\/audatacity.com\/fr\/#website\",\"url\":\"https:\/\/audatacity.com\/fr\/\",\"name\":\"Audatacity\",\"description\":\"Lancer et d\u00e9multiplier le business autour de vos produits et data\",\"potentialAction\":[{\"@type\":\"SearchAction\",\"target\":{\"@type\":\"EntryPoint\",\"urlTemplate\":\"https:\/\/audatacity.com\/fr\/?s={search_term_string}\"},\"query-input\":\"required name=search_term_string\"}],\"inLanguage\":\"fr-FR\"}]}<\/script>\n<!-- \/ Yoast SEO plugin. -->","yoast_head_json":{"title":"Audatacity - conseil et coaching en marketing produit","description":"Audatacity accompagne le succ\u00e8s de vos produits, depuis la strat\u00e9gie jusqu'au positionnement, lancement et go-to-market","robots":{"index":"index","follow":"follow","max-snippet":"max-snippet:-1","max-image-preview":"max-image-preview:large","max-video-preview":"max-video-preview:-1"},"canonical":"https:\/\/audatacity.com\/fr\/services\/","og_locale":"fr_FR","og_type":"article","og_title":"Audatacity - conseil et coaching en marketing produit","og_description":"Audatacity accompagne le succ\u00e8s de vos produits, depuis la strat\u00e9gie jusqu'au positionnement, lancement et go-to-market","og_url":"https:\/\/audatacity.com\/fr\/services\/","og_site_name":"Audatacity","article_modified_time":"2023-01-24T17:11:16+00:00","twitter_card":"summary_large_image","twitter_misc":{"Dur\u00e9e de lecture estim\u00e9e":"3 minutes"},"schema":{"@context":"https:\/\/schema.org","@graph":[{"@type":"WebPage","@id":"https:\/\/audatacity.com\/fr\/services\/","url":"https:\/\/audatacity.com\/fr\/services\/","name":"Audatacity - conseil et coaching en marketing produit","isPartOf":{"@id":"https:\/\/audatacity.com\/fr\/#website"},"datePublished":"2022-12-18T12:33:34+00:00","dateModified":"2023-01-24T17:11:16+00:00","description":"Audatacity accompagne le succ\u00e8s de vos produits, depuis la strat\u00e9gie jusqu'au positionnement, lancement et go-to-market","breadcrumb":{"@id":"https:\/\/audatacity.com\/fr\/services\/#breadcrumb"},"inLanguage":"fr-FR","potentialAction":[{"@type":"ReadAction","target":["https:\/\/audatacity.com\/fr\/services\/"]}]},{"@type":"BreadcrumbList","@id":"https:\/\/audatacity.com\/fr\/services\/#breadcrumb","itemListElement":[{"@type":"ListItem","position":1,"name":"Home","item":"https:\/\/audatacity.com\/fr\/"},{"@type":"ListItem","position":2,"name":"Services"}]},{"@type":"WebSite","@id":"https:\/\/audatacity.com\/fr\/#website","url":"https:\/\/audatacity.com\/fr\/","name":"Audatacity","description":"Lancer et d\u00e9multiplier le business autour de vos produits et data","potentialAction":[{"@type":"SearchAction","target":{"@type":"EntryPoint","urlTemplate":"https:\/\/audatacity.com\/fr\/?s={search_term_string}"},"query-input":"required name=search_term_string"}],"inLanguage":"fr-FR"}]}},"_links":{"self":[{"href":"https:\/\/audatacity.com\/fr\/wp-json\/wp\/v2\/pages\/10"}],"collection":[{"href":"https:\/\/audatacity.com\/fr\/wp-json\/wp\/v2\/pages"}],"about":[{"href":"https:\/\/audatacity.com\/fr\/wp-json\/wp\/v2\/types\/page"}],"author":[{"embeddable":true,"href":"https:\/\/audatacity.com\/fr\/wp-json\/wp\/v2\/users\/2"}],"replies":[{"embeddable":true,"href":"https:\/\/audatacity.com\/fr\/wp-json\/wp\/v2\/comments?post=10"}],"version-history":[{"count":20,"href":"https:\/\/audatacity.com\/fr\/wp-json\/wp\/v2\/pages\/10\/revisions"}],"predecessor-version":[{"id":280,"href":"https:\/\/audatacity.com\/fr\/wp-json\/wp\/v2\/pages\/10\/revisions\/280"}],"wp:attachment":[{"href":"https:\/\/audatacity.com\/fr\/wp-json\/wp\/v2\/media?parent=10"}],"curies":[{"name":"wp","href":"https:\/\/api.w.org\/{rel}","templated":true}]}}