{"id":91,"date":"2022-12-18T13:33:25","date_gmt":"2022-12-18T12:33:25","guid":{"rendered":"https:\/\/audatacity.com\/en\/?page_id=91"},"modified":"2022-12-25T10:49:33","modified_gmt":"2022-12-25T09:49:33","slug":"contact","status":"publish","type":"page","link":"https:\/\/audatacity.com\/fr\/contact\/","title":{"rendered":"Contact"},"content":{"rendered":"<p>[et_pb_section fb_built=\u00a0\u00bb1&Prime; admin_label=\u00a0\u00bbHero\u00a0\u00bb _builder_version=\u00a0\u00bb4.19.1&Prime; background_color=\u00a0\u00bb#003bde\u00a0\u00bb use_background_color_gradient=\u00a0\u00bbon\u00a0\u00bb background_color_gradient_stops=\u00a0\u00bb#2b2655 1%|rgba(43,38,85,0.87) 14%|#5b9bd5 100%\u00a0\u00bb background_color_gradient_start=\u00a0\u00bb#003bde\u00a0\u00bb background_color_gradient_end=\u00a0\u00bb#58d0ff\u00a0\u00bb custom_margin=\u00a0\u00bb||21px|||\u00a0\u00bb custom_padding=\u00a0\u00bb34px|0px|122px|0px|false|false\u00a0\u00bb top_divider_color=\u00a0\u00bb#F2F2F2&Prime; bottom_divider_style=\u00a0\u00bbclouds2&Prime; bottom_divider_color=\u00a0\u00bb#F2F2F2&Prime; locked=\u00a0\u00bboff\u00a0\u00bb global_colors_info=\u00a0\u00bb{}\u00a0\u00bb][et_pb_row _builder_version=\u00a0\u00bb4.19.1&Prime; _module_preset=\u00a0\u00bbdefault\u00a0\u00bb custom_margin=\u00a0\u00bb-25px|auto|-32px|auto||\u00a0\u00bb custom_padding=\u00a0\u00bb34px|||||\u00a0\u00bb global_colors_info=\u00a0\u00bb{}\u00a0\u00bb][et_pb_column type=\u00a0\u00bb4_4&Prime; _builder_version=\u00a0\u00bb4.19.1&Prime; _module_preset=\u00a0\u00bbdefault\u00a0\u00bb global_colors_info=\u00a0\u00bb{}\u00a0\u00bb][et_pb_text _builder_version=\u00a0\u00bb4.19.1&Prime; _module_preset=\u00a0\u00bbdefault\u00a0\u00bb header_font=\u00a0\u00bb|700|||||||\u00a0\u00bb header_text_color=\u00a0\u00bb#F2F2F2&Prime; header_font_size=\u00a0\u00bb40px\u00a0\u00bb header_letter_spacing=\u00a0\u00bb2px\u00a0\u00bb header_line_height=\u00a0\u00bb1.5em\u00a0\u00bb custom_margin_tablet=\u00a0\u00bb\u00a0\u00bb custom_margin_phone=\u00a0\u00bb\u00a0\u00bb custom_margin_last_edited=\u00a0\u00bbon|phone\u00a0\u00bb custom_padding=\u00a0\u00bb|70px||70px|false|true\u00a0\u00bb custom_padding_tablet=\u00a0\u00bb|70px||70px|false|true\u00a0\u00bb custom_padding_phone=\u00a0\u00bb|0px||0px|false|true\u00a0\u00bb custom_padding_last_edited=\u00a0\u00bbon|desktop\u00a0\u00bb global_colors_info=\u00a0\u00bb{}\u00a0\u00bb]<\/p>\n<h1 style=\"text-align: center;\">Contact<\/h1>\n<p>[\/et_pb_text][\/et_pb_column][\/et_pb_row][et_pb_row column_structure=\u00a0\u00bb1_3,1_3,1_3&Prime; _builder_version=\u00a0\u00bb4.19.1&Prime; _module_preset=\u00a0\u00bbdefault\u00a0\u00bb width=\u00a0\u00bb95.4%\u00a0\u00bb custom_margin=\u00a0\u00bb-25px|auto|-32px|auto||\u00a0\u00bb custom_padding=\u00a0\u00bb45px|||||\u00a0\u00bb global_colors_info=\u00a0\u00bb{}\u00a0\u00bb][et_pb_column type=\u00a0\u00bb1_3&Prime; _builder_version=\u00a0\u00bb4.19.1&Prime; _module_preset=\u00a0\u00bbdefault\u00a0\u00bb global_colors_info=\u00a0\u00bb{}\u00a0\u00bb][et_pb_text _builder_version=\u00a0\u00bb4.19.1&Prime; _module_preset=\u00a0\u00bbdefault\u00a0\u00bb text_font=\u00a0\u00bb|600|||||||\u00a0\u00bb text_text_color=\u00a0\u00bb#DF7A1E\u00a0\u00bb text_font_size=\u00a0\u00bb16px\u00a0\u00bb background_color=\u00a0\u00bb#FEFEFE\u00a0\u00bb width=\u00a0\u00bb100%\u00a0\u00bb module_alignment=\u00a0\u00bbcenter\u00a0\u00bb min_height_tablet=\u00a0\u00bb0px\u00a0\u00bb min_height_phone=\u00a0\u00bb0px\u00a0\u00bb min_height_last_edited=\u00a0\u00bbon|tablet\u00a0\u00bb custom_padding=\u00a0\u00bb12px|20px|12px|20px|true|false\u00a0\u00bb background_last_edited=\u00a0\u00bbon|tablet\u00a0\u00bb border_radii=\u00a0\u00bboff|50px|10px|50px|10px\u00a0\u00bb box_shadow_style=\u00a0\u00bbpreset3&Prime; box_shadow_color=\u00a0\u00bb#2B2655&Prime; global_colors_info=\u00a0\u00bb{}\u00a0\u00bb]<\/p>\n<p style=\"text-align: center;\"><span>Echanger sur vos besoins marketing ?<\/span><\/p>\n<p>[\/et_pb_text][\/et_pb_column][et_pb_column type=\u00a0\u00bb1_3&Prime; _builder_version=\u00a0\u00bb4.19.1&Prime; _module_preset=\u00a0\u00bbdefault\u00a0\u00bb global_colors_info=\u00a0\u00bb{}\u00a0\u00bb][et_pb_text _builder_version=\u00a0\u00bb4.19.1&Prime; _module_preset=\u00a0\u00bbdefault\u00a0\u00bb text_font=\u00a0\u00bb|600|||||||\u00a0\u00bb text_text_color=\u00a0\u00bb#DF7A1E\u00a0\u00bb text_font_size=\u00a0\u00bb16px\u00a0\u00bb header_font_size=\u00a0\u00bb17px\u00a0\u00bb header_2_font_size=\u00a0\u00bb13px\u00a0\u00bb background_color=\u00a0\u00bb#FEFEFE\u00a0\u00bb width=\u00a0\u00bb100%\u00a0\u00bb module_alignment=\u00a0\u00bbcenter\u00a0\u00bb min_height_tablet=\u00a0\u00bb0px\u00a0\u00bb min_height_phone=\u00a0\u00bb0px\u00a0\u00bb min_height_last_edited=\u00a0\u00bbon|tablet\u00a0\u00bb custom_padding=\u00a0\u00bb10px|20px|10px|20px|true|false\u00a0\u00bb background_last_edited=\u00a0\u00bbon|tablet\u00a0\u00bb border_radii=\u00a0\u00bboff|10px|50px|10px|50px\u00a0\u00bb box_shadow_style=\u00a0\u00bbpreset3&Prime; box_shadow_color=\u00a0\u00bb#2B2655&Prime; global_colors_info=\u00a0\u00bb{}\u00a0\u00bb]<\/p>\n<p style=\"text-align: center;\">Besoin de conseil pour cr\u00e9er ou booster votre marketing produit ?<\/p>\n<p>[\/et_pb_text][\/et_pb_column][et_pb_column type=\u00a0\u00bb1_3&Prime; _builder_version=\u00a0\u00bb4.19.1&Prime; _module_preset=\u00a0\u00bbdefault\u00a0\u00bb global_colors_info=\u00a0\u00bb{}\u00a0\u00bb][et_pb_text _builder_version=\u00a0\u00bb4.19.1&Prime; _module_preset=\u00a0\u00bbdefault\u00a0\u00bb text_font=\u00a0\u00bb|600|||||||\u00a0\u00bb text_text_color=\u00a0\u00bb#DF7A1E\u00a0\u00bb text_font_size=\u00a0\u00bb16px\u00a0\u00bb background_color=\u00a0\u00bb#FEFEFE\u00a0\u00bb width=\u00a0\u00bb100%\u00a0\u00bb module_alignment=\u00a0\u00bbcenter\u00a0\u00bb min_height_tablet=\u00a0\u00bb0px\u00a0\u00bb min_height_phone=\u00a0\u00bb0px\u00a0\u00bb min_height_last_edited=\u00a0\u00bbon|tablet\u00a0\u00bb custom_padding=\u00a0\u00bb10px|20px|10px|20px|true|false\u00a0\u00bb background_last_edited=\u00a0\u00bbon|tablet\u00a0\u00bb border_radii=\u00a0\u00bboff|50px|10px|50px|10px\u00a0\u00bb box_shadow_style=\u00a0\u00bbpreset3&Prime; box_shadow_color=\u00a0\u00bb#2B2655&Prime; global_colors_info=\u00a0\u00bb{}\u00a0\u00bb]<\/p>\n<p style=\"text-align: center;\">Brainstormer sur votre strat\u00e9gie autour de la data ?<\/p>\n<p>[\/et_pb_text][\/et_pb_column][\/et_pb_row][\/et_pb_section][et_pb_section fb_built=\u00a0\u00bb1&Prime; admin_label=\u00a0\u00bbHeader\u00a0\u00bb _builder_version=\u00a0\u00bb4.19.1&Prime; _module_preset=\u00a0\u00bbdefault\u00a0\u00bb background_color=\u00a0\u00bb#f2f2f2&Prime; custom_padding=\u00a0\u00bb0px|||||\u00a0\u00bb global_colors_info=\u00a0\u00bb{}\u00a0\u00bb][et_pb_row column_structure=\u00a0\u00bb1_2,1_2&Prime; _builder_version=\u00a0\u00bb4.19.1&Prime; _module_preset=\u00a0\u00bbdefault\u00a0\u00bb custom_margin=\u00a0\u00bb10px|auto|33px|auto|false|false\u00a0\u00bb custom_margin_tablet=\u00a0\u00bb||28px||false|false\u00a0\u00bb custom_margin_phone=\u00a0\u00bb||13px||false|false\u00a0\u00bb custom_margin_last_edited=\u00a0\u00bbon|phone\u00a0\u00bb custom_padding=\u00a0\u00bb0px||0px||true|\u00a0\u00bb global_colors_info=\u00a0\u00bb{}\u00a0\u00bb][et_pb_column type=\u00a0\u00bb1_2&Prime; _builder_version=\u00a0\u00bb4.16&Prime; _module_preset=\u00a0\u00bbdefault\u00a0\u00bb global_colors_info=\u00a0\u00bb{}\u00a0\u00bb][et_pb_text _builder_version=\u00a0\u00bb4.19.1&Prime; _module_preset=\u00a0\u00bbe864d11f-3dab-4fa3-ac06-4f0e1a260807&Prime; text_font=\u00a0\u00bb||||||||\u00a0\u00bb text_font_size=\u00a0\u00bb1px\u00a0\u00bb header_font=\u00a0\u00bb||||||||\u00a0\u00bb header_text_color=\u00a0\u00bb#2B2655&Prime; header_font_size=\u00a0\u00bb32px\u00a0\u00bb header_line_height=\u00a0\u00bb1.4em\u00a0\u00bb custom_margin=\u00a0\u00bb||16px||false|false\u00a0\u00bb header_font_size_tablet=\u00a0\u00bb40px\u00a0\u00bb header_font_size_phone=\u00a0\u00bb24px\u00a0\u00bb header_font_size_last_edited=\u00a0\u00bbon|desktop\u00a0\u00bb locked=\u00a0\u00bboff\u00a0\u00bb global_colors_info=\u00a0\u00bb{}\u00a0\u00bb]<\/p>\n<h1>Pr\u00eat \u00e0 envisager des solutions innovantes pour acc\u00e9l\u00e9rer le d\u00e9veloppement de vos produits ou d\u00e9multiplier l&rsquo;impact de vos donn\u00e9es ?<\/h1>\n<p>[\/et_pb_text][et_pb_text _builder_version=\u00a0\u00bb4.19.1&Prime; _module_preset=\u00a0\u00bbdefault\u00a0\u00bb text_font=\u00a0\u00bb||||||||\u00a0\u00bb text_text_color=\u00a0\u00bb#2B2655&Prime; text_font_size=\u00a0\u00bb15px\u00a0\u00bb text_line_height=\u00a0\u00bb1.9em\u00a0\u00bb custom_margin=\u00a0\u00bb30px|||||\u00a0\u00bb global_colors_info=\u00a0\u00bb{}\u00a0\u00bb]<\/p>\n<p>Je suis un freelance expert en Innovation autour de la data et en Marketing Produit.<\/p>\n<p>Bas\u00e9 \u00e0 Paris, j&rsquo;ai une forte exp\u00e9rience de travail \u00e0 distance avec des organisations mondiales, internationales ou europ\u00e9ennes.<\/p>\n<p>Ma mission est de soutenir la croissance de vos produits et de vos data, pour des projets cibl\u00e9s \u00e0 court terme, pour du\u00a0 coaching, ou pour vous accompagner \u00e0 plus long terme.<\/p>\n<p>[\/et_pb_text][\/et_pb_column][et_pb_column type=\u00a0\u00bb1_2&Prime; _builder_version=\u00a0\u00bb4.16&Prime; _module_preset=\u00a0\u00bbdefault\u00a0\u00bb background_color=\u00a0\u00bb#FFFFFF\u00a0\u00bb custom_padding=\u00a0\u00bb40px|30px|40px|30px|true|true\u00a0\u00bb custom_padding_tablet=\u00a0\u00bb\u00a0\u00bb custom_padding_phone=\u00a0\u00bb|20px||20px|true|true\u00a0\u00bb custom_padding_last_edited=\u00a0\u00bbon|phone\u00a0\u00bb border_radii=\u00a0\u00bbon|26px|26px|26px|26px\u00a0\u00bb box_shadow_style=\u00a0\u00bbpreset3&Prime; box_shadow_vertical=\u00a0\u00bb40px\u00a0\u00bb box_shadow_blur=\u00a0\u00bb60px\u00a0\u00bb box_shadow_spread=\u00a0\u00bb-10px\u00a0\u00bb box_shadow_color=\u00a0\u00bbrgba(3,86,92,0.1)\u00a0\u00bb global_colors_info=\u00a0\u00bb{}\u00a0\u00bb][et_pb_contact_form captcha=\u00a0\u00bboff\u00a0\u00bb email=\u00a0\u00bbjmfranco@audatacity.com\u00a0\u00bb title=\u00a0\u00bbContactez-moi\u00a0\u00bb custom_message=\u00a0\u00bbNom pr\u00e9nom : %%Name%%||et_pb_line_break_holder||Email du contact : %%Email%%||et_pb_line_break_holder||Entreprise: %%Company%%||et_pb_line_break_holder||message : %%Message%%||et_pb_line_break_holder||||et_pb_line_break_holder||\u00a0\u00bb success_message=\u00a0\u00bbMerci ! Votre demande de contact a \u00e9t\u00e9 prise en compte. Je vous contacterai dans les plus brefs d\u00e9lais.\u00a0\u00bb submit_button_text=\u00a0\u00bbEnvoyer\u00a0\u00bb _builder_version=\u00a0\u00bb4.19.1&Prime; _module_preset=\u00a0\u00bba0e56ac0-56d1-4c55-8d40-c456da01a596&Prime; form_field_background_color=\u00a0\u00bb#f2f2f2&Prime; form_field_text_color=\u00a0\u00bb#2B2655&Prime; form_field_focus_background_color=\u00a0\u00bb#FBEEE0&Prime; form_field_focus_text_color=\u00a0\u00bb#2B2655&Prime; title_font=\u00a0\u00bb||||||||\u00a0\u00bb title_text_align=\u00a0\u00bbleft\u00a0\u00bb title_text_color=\u00a0\u00bb#2B2655&Prime; form_field_font=\u00a0\u00bb||||||||\u00a0\u00bb background_color=\u00a0\u00bb#FEFEFE\u00a0\u00bb custom_button=\u00a0\u00bbon\u00a0\u00bb button_text_size=\u00a0\u00bb14px\u00a0\u00bb button_text_color=\u00a0\u00bb#FFFFFF\u00a0\u00bb button_bg_color=\u00a0\u00bb#DF7A1E\u00a0\u00bb button_border_width=\u00a0\u00bb0px\u00a0\u00bb button_border_color=\u00a0\u00bb#DF7A1E\u00a0\u00bb button_border_radius=\u00a0\u00bb50px\u00a0\u00bb button_letter_spacing=\u00a0\u00bb1px\u00a0\u00bb button_font=\u00a0\u00bb|700||on|||||\u00a0\u00bb button_icon=\u00a0\u00bb&#x35;||divi||400&Prime; button_icon_color=\u00a0\u00bb#F2F2F2&Prime; button_custom_margin=\u00a0\u00bb28px||||false|false\u00a0\u00bb button_custom_padding=\u00a0\u00bb8px|40px|8px|40px|true|true\u00a0\u00bb button_custom_padding_tablet=\u00a0\u00bb8px|40px|8px|40px|true|true\u00a0\u00bb button_custom_padding_phone=\u00a0\u00bb8px|40px|8px|40px|true|true\u00a0\u00bb button_custom_padding_last_edited=\u00a0\u00bbon|desktop\u00a0\u00bb text_orientation=\u00a0\u00bbleft\u00a0\u00bb custom_padding=\u00a0\u00bb||0px|||\u00a0\u00bb border_radii=\u00a0\u00bbon|12px|12px|12px|12px\u00a0\u00bb locked=\u00a0\u00bboff\u00a0\u00bb global_colors_info=\u00a0\u00bb{}\u00a0\u00bb][et_pb_contact_field field_id=\u00a0\u00bbName\u00a0\u00bb field_title=\u00a0\u00bbNom et pr\u00e9nom\u00a0\u00bb fullwidth_field=\u00a0\u00bbon\u00a0\u00bb _builder_version=\u00a0\u00bb4.19.1&Prime; _module_preset=\u00a0\u00bbdefault\u00a0\u00bb form_field_focus_background_color=\u00a0\u00bb#FBEEE0&Prime; form_field_focus_text_color=\u00a0\u00bb#2B2655&Prime; global_colors_info=\u00a0\u00bb{}\u00a0\u00bb button_text_size__hover_enabled=\u00a0\u00bboff\u00a0\u00bb button_one_text_size__hover_enabled=\u00a0\u00bboff\u00a0\u00bb button_two_text_size__hover_enabled=\u00a0\u00bboff\u00a0\u00bb button_text_color__hover_enabled=\u00a0\u00bboff\u00a0\u00bb button_one_text_color__hover_enabled=\u00a0\u00bboff\u00a0\u00bb button_two_text_color__hover_enabled=\u00a0\u00bboff\u00a0\u00bb button_border_width__hover_enabled=\u00a0\u00bboff\u00a0\u00bb button_one_border_width__hover_enabled=\u00a0\u00bboff\u00a0\u00bb button_two_border_width__hover_enabled=\u00a0\u00bboff\u00a0\u00bb button_border_color__hover_enabled=\u00a0\u00bboff\u00a0\u00bb button_one_border_color__hover_enabled=\u00a0\u00bboff\u00a0\u00bb button_two_border_color__hover_enabled=\u00a0\u00bboff\u00a0\u00bb button_border_radius__hover_enabled=\u00a0\u00bboff\u00a0\u00bb button_one_border_radius__hover_enabled=\u00a0\u00bboff\u00a0\u00bb button_two_border_radius__hover_enabled=\u00a0\u00bboff\u00a0\u00bb button_letter_spacing__hover_enabled=\u00a0\u00bboff\u00a0\u00bb button_one_letter_spacing__hover_enabled=\u00a0\u00bboff\u00a0\u00bb button_two_letter_spacing__hover_enabled=\u00a0\u00bboff\u00a0\u00bb button_bg_color__hover_enabled=\u00a0\u00bboff\u00a0\u00bb button_one_bg_color__hover_enabled=\u00a0\u00bboff\u00a0\u00bb button_two_bg_color__hover_enabled=\u00a0\u00bboff\u00a0\u00bb][\/et_pb_contact_field][et_pb_contact_field field_id=\u00a0\u00bbCompany\u00a0\u00bb field_title=\u00a0\u00bbEntreprise\u00a0\u00bb fullwidth_field=\u00a0\u00bbon\u00a0\u00bb _builder_version=\u00a0\u00bb4.19.1&Prime; _module_preset=\u00a0\u00bbdefault\u00a0\u00bb global_colors_info=\u00a0\u00bb{}\u00a0\u00bb][\/et_pb_contact_field][et_pb_contact_field field_id=\u00a0\u00bbEmail\u00a0\u00bb field_title=\u00a0\u00bbEmail \u00a0\u00bb field_type=\u00a0\u00bbemail\u00a0\u00bb fullwidth_field=\u00a0\u00bbon\u00a0\u00bb _builder_version=\u00a0\u00bb4.19.1&Prime; _module_preset=\u00a0\u00bbdefault\u00a0\u00bb global_colors_info=\u00a0\u00bb{}\u00a0\u00bb button_text_size__hover_enabled=\u00a0\u00bboff\u00a0\u00bb button_one_text_size__hover_enabled=\u00a0\u00bboff\u00a0\u00bb button_two_text_size__hover_enabled=\u00a0\u00bboff\u00a0\u00bb button_text_color__hover_enabled=\u00a0\u00bboff\u00a0\u00bb button_one_text_color__hover_enabled=\u00a0\u00bboff\u00a0\u00bb button_two_text_color__hover_enabled=\u00a0\u00bboff\u00a0\u00bb button_border_width__hover_enabled=\u00a0\u00bboff\u00a0\u00bb button_one_border_width__hover_enabled=\u00a0\u00bboff\u00a0\u00bb button_two_border_width__hover_enabled=\u00a0\u00bboff\u00a0\u00bb button_border_color__hover_enabled=\u00a0\u00bboff\u00a0\u00bb button_one_border_color__hover_enabled=\u00a0\u00bboff\u00a0\u00bb button_two_border_color__hover_enabled=\u00a0\u00bboff\u00a0\u00bb button_border_radius__hover_enabled=\u00a0\u00bboff\u00a0\u00bb button_one_border_radius__hover_enabled=\u00a0\u00bboff\u00a0\u00bb button_two_border_radius__hover_enabled=\u00a0\u00bboff\u00a0\u00bb button_letter_spacing__hover_enabled=\u00a0\u00bboff\u00a0\u00bb button_one_letter_spacing__hover_enabled=\u00a0\u00bboff\u00a0\u00bb button_two_letter_spacing__hover_enabled=\u00a0\u00bboff\u00a0\u00bb button_bg_color__hover_enabled=\u00a0\u00bboff\u00a0\u00bb button_one_bg_color__hover_enabled=\u00a0\u00bboff\u00a0\u00bb button_two_bg_color__hover_enabled=\u00a0\u00bboff\u00a0\u00bb][\/et_pb_contact_field][et_pb_contact_field field_id=\u00a0\u00bbMessage\u00a0\u00bb field_title=\u00a0\u00bbMessage\u00a0\u00bb field_type=\u00a0\u00bbtext\u00a0\u00bb fullwidth_field=\u00a0\u00bbon\u00a0\u00bb _builder_version=\u00a0\u00bb4.19.1&Prime; _module_preset=\u00a0\u00bbdefault\u00a0\u00bb global_colors_info=\u00a0\u00bb{}\u00a0\u00bb button_text_size__hover_enabled=\u00a0\u00bboff\u00a0\u00bb button_one_text_size__hover_enabled=\u00a0\u00bboff\u00a0\u00bb button_two_text_size__hover_enabled=\u00a0\u00bboff\u00a0\u00bb button_text_color__hover_enabled=\u00a0\u00bboff\u00a0\u00bb button_one_text_color__hover_enabled=\u00a0\u00bboff\u00a0\u00bb button_two_text_color__hover_enabled=\u00a0\u00bboff\u00a0\u00bb button_border_width__hover_enabled=\u00a0\u00bboff\u00a0\u00bb button_one_border_width__hover_enabled=\u00a0\u00bboff\u00a0\u00bb button_two_border_width__hover_enabled=\u00a0\u00bboff\u00a0\u00bb button_border_color__hover_enabled=\u00a0\u00bboff\u00a0\u00bb button_one_border_color__hover_enabled=\u00a0\u00bboff\u00a0\u00bb button_two_border_color__hover_enabled=\u00a0\u00bboff\u00a0\u00bb button_border_radius__hover_enabled=\u00a0\u00bboff\u00a0\u00bb button_one_border_radius__hover_enabled=\u00a0\u00bboff\u00a0\u00bb button_two_border_radius__hover_enabled=\u00a0\u00bboff\u00a0\u00bb button_letter_spacing__hover_enabled=\u00a0\u00bboff\u00a0\u00bb button_one_letter_spacing__hover_enabled=\u00a0\u00bboff\u00a0\u00bb button_two_letter_spacing__hover_enabled=\u00a0\u00bboff\u00a0\u00bb button_bg_color__hover_enabled=\u00a0\u00bboff\u00a0\u00bb button_one_bg_color__hover_enabled=\u00a0\u00bboff\u00a0\u00bb button_two_bg_color__hover_enabled=\u00a0\u00bboff\u00a0\u00bb][\/et_pb_contact_field][\/et_pb_contact_form][\/et_pb_column][\/et_pb_row][\/et_pb_section][et_pb_section fb_built=\u00a0\u00bb1&Prime; admin_label=\u00a0\u00bbHero\u00a0\u00bb _builder_version=\u00a0\u00bb4.19.1&Prime; background_color=\u00a0\u00bb#003bde\u00a0\u00bb use_background_color_gradient=\u00a0\u00bbon\u00a0\u00bb background_color_gradient_direction=\u00a0\u00bb0deg\u00a0\u00bb background_color_gradient_stops=\u00a0\u00bb#3c5184 0%|#2b2655 0%|rgba(74, 114, 168, 1) 100%|#5b9bd5 100%\u00a0\u00bb background_color_gradient_start=\u00a0\u00bb#003bde\u00a0\u00bb background_color_gradient_end=\u00a0\u00bb#58d0ff\u00a0\u00bb custom_padding=\u00a0\u00bb34px|0px|0px|0px|false|false\u00a0\u00bb top_divider_style=\u00a0\u00bbclouds2&Prime; top_divider_color=\u00a0\u00bb#F2F2F2&Prime; bottom_divider_color=\u00a0\u00bb#F2F2F2&Prime; global_colors_info=\u00a0\u00bb{}\u00a0\u00bb][et_pb_row _builder_version=\u00a0\u00bb4.19.1&Prime; _module_preset=\u00a0\u00bbdefault\u00a0\u00bb custom_padding=\u00a0\u00bb0px|||||\u00a0\u00bb global_colors_info=\u00a0\u00bb{}\u00a0\u00bb][et_pb_column type=\u00a0\u00bb4_4&Prime; _builder_version=\u00a0\u00bb4.19.1&Prime; _module_preset=\u00a0\u00bbdefault\u00a0\u00bb global_colors_info=\u00a0\u00bb{}\u00a0\u00bb][et_pb_text _builder_version=\u00a0\u00bb4.19.1&Prime; _module_preset=\u00a0\u00bbdefault\u00a0\u00bb min_height=\u00a0\u00bb30px\u00a0\u00bb global_colors_info=\u00a0\u00bb{}\u00a0\u00bb]<\/p>\n<p>&nbsp;<\/p>\n<div id=\"simple-translate\" class=\"simple-translate-light-theme\">\n<div>\n<div class=\"simple-translate-button isShow\" style=\"background-image: url('chrome-extension:\/\/ibplnjkanclpjokhdolnendpplpjiace\/icons\/512.png'); height: 22px; width: 22px; top: 72px; left: 122px;\"><\/div>\n<div class=\"simple-translate-panel \" style=\"width: 300px; height: 200px; top: 0px; left: 0px; font-size: 13px;\">\n<div class=\"simple-translate-result-wrapper\" style=\"overflow: hidden;\">\n<div class=\"simple-translate-move\" draggable=\"true\"><\/div>\n<div class=\"simple-translate-result-contents\">\n<p class=\"simple-translate-candidate\" dir=\"auto\">\n<\/div>\n<\/div>\n<\/div>\n<\/div>\n<\/div>\n<p>[\/et_pb_text][\/et_pb_column][\/et_pb_row][\/et_pb_section]<\/p>\n","protected":false},"excerpt":{"rendered":"<p>ContactEchanger sur vos besoins marketing ?Besoin de conseil pour cr\u00e9er ou booster votre marketing produit ?Brainstormer sur votre strat\u00e9gie autour de la data ?Pr\u00eat \u00e0 envisager des solutions innovantes pour acc\u00e9l\u00e9rer le d\u00e9veloppement de vos produits ou d\u00e9multiplier l&rsquo;impact de vos donn\u00e9es ?Je suis un freelance expert en Innovation autour de la data et en [&hellip;]<\/p>\n","protected":false},"author":1,"featured_media":0,"parent":0,"menu_order":0,"comment_status":"closed","ping_status":"closed","template":"","meta":{"_et_pb_use_builder":"on","_et_pb_old_content":"","_et_gb_content_width":"","footnotes":""},"yoast_head":"<!-- This site is optimized with the Yoast SEO plugin v20.13 - https:\/\/yoast.com\/wordpress\/plugins\/seo\/ -->\n<title>Audatacity - parlons de vos projets marketing produit &amp; data<\/title>\n<meta name=\"description\" content=\"Contacter Audatacity pour parler produit, data, marketing produit, ou cr\u00e9ation de contenu\" \/>\n<meta name=\"robots\" content=\"index, follow, max-snippet:-1, max-image-preview:large, max-video-preview:-1\" \/>\n<link rel=\"canonical\" href=\"https:\/\/audatacity.com\/fr\/contact\/\" \/>\n<meta property=\"og:locale\" content=\"fr_FR\" \/>\n<meta property=\"og:type\" content=\"article\" \/>\n<meta property=\"og:title\" content=\"Audatacity - parlons de vos projets marketing produit &amp; data\" \/>\n<meta property=\"og:description\" content=\"Contacter Audatacity pour parler produit, data, marketing produit, ou cr\u00e9ation de contenu\" \/>\n<meta property=\"og:url\" content=\"https:\/\/audatacity.com\/fr\/contact\/\" \/>\n<meta property=\"og:site_name\" content=\"Audatacity\" \/>\n<meta property=\"article:modified_time\" content=\"2022-12-25T09:49:33+00:00\" \/>\n<meta name=\"twitter:card\" content=\"summary_large_image\" \/>\n<meta name=\"twitter:label1\" content=\"Dur\u00e9e de lecture estim\u00e9e\" \/>\n\t<meta name=\"twitter:data1\" content=\"3 minutes\" \/>\n<script type=\"application\/ld+json\" class=\"yoast-schema-graph\">{\"@context\":\"https:\/\/schema.org\",\"@graph\":[{\"@type\":\"WebPage\",\"@id\":\"https:\/\/audatacity.com\/fr\/contact\/\",\"url\":\"https:\/\/audatacity.com\/fr\/contact\/\",\"name\":\"Audatacity - parlons de vos projets marketing produit & data\",\"isPartOf\":{\"@id\":\"https:\/\/audatacity.com\/fr\/#website\"},\"datePublished\":\"2022-12-18T12:33:25+00:00\",\"dateModified\":\"2022-12-25T09:49:33+00:00\",\"description\":\"Contacter Audatacity pour parler produit, data, marketing produit, ou cr\u00e9ation de contenu\",\"breadcrumb\":{\"@id\":\"https:\/\/audatacity.com\/fr\/contact\/#breadcrumb\"},\"inLanguage\":\"fr-FR\",\"potentialAction\":[{\"@type\":\"ReadAction\",\"target\":[\"https:\/\/audatacity.com\/fr\/contact\/\"]}]},{\"@type\":\"BreadcrumbList\",\"@id\":\"https:\/\/audatacity.com\/fr\/contact\/#breadcrumb\",\"itemListElement\":[{\"@type\":\"ListItem\",\"position\":1,\"name\":\"Home\",\"item\":\"https:\/\/audatacity.com\/fr\/\"},{\"@type\":\"ListItem\",\"position\":2,\"name\":\"Contact\"}]},{\"@type\":\"WebSite\",\"@id\":\"https:\/\/audatacity.com\/fr\/#website\",\"url\":\"https:\/\/audatacity.com\/fr\/\",\"name\":\"Audatacity\",\"description\":\"Lancer et d\u00e9multiplier le business autour de vos produits et data\",\"potentialAction\":[{\"@type\":\"SearchAction\",\"target\":{\"@type\":\"EntryPoint\",\"urlTemplate\":\"https:\/\/audatacity.com\/fr\/?s={search_term_string}\"},\"query-input\":\"required name=search_term_string\"}],\"inLanguage\":\"fr-FR\"}]}<\/script>\n<!-- \/ Yoast SEO plugin. -->","yoast_head_json":{"title":"Audatacity - parlons de vos projets marketing produit & data","description":"Contacter Audatacity pour parler produit, data, marketing produit, ou cr\u00e9ation de contenu","robots":{"index":"index","follow":"follow","max-snippet":"max-snippet:-1","max-image-preview":"max-image-preview:large","max-video-preview":"max-video-preview:-1"},"canonical":"https:\/\/audatacity.com\/fr\/contact\/","og_locale":"fr_FR","og_type":"article","og_title":"Audatacity - parlons de vos projets marketing produit & data","og_description":"Contacter Audatacity pour parler produit, data, marketing produit, ou cr\u00e9ation de contenu","og_url":"https:\/\/audatacity.com\/fr\/contact\/","og_site_name":"Audatacity","article_modified_time":"2022-12-25T09:49:33+00:00","twitter_card":"summary_large_image","twitter_misc":{"Dur\u00e9e de lecture estim\u00e9e":"3 minutes"},"schema":{"@context":"https:\/\/schema.org","@graph":[{"@type":"WebPage","@id":"https:\/\/audatacity.com\/fr\/contact\/","url":"https:\/\/audatacity.com\/fr\/contact\/","name":"Audatacity - parlons de vos projets marketing produit & data","isPartOf":{"@id":"https:\/\/audatacity.com\/fr\/#website"},"datePublished":"2022-12-18T12:33:25+00:00","dateModified":"2022-12-25T09:49:33+00:00","description":"Contacter Audatacity pour parler produit, data, marketing produit, ou cr\u00e9ation de contenu","breadcrumb":{"@id":"https:\/\/audatacity.com\/fr\/contact\/#breadcrumb"},"inLanguage":"fr-FR","potentialAction":[{"@type":"ReadAction","target":["https:\/\/audatacity.com\/fr\/contact\/"]}]},{"@type":"BreadcrumbList","@id":"https:\/\/audatacity.com\/fr\/contact\/#breadcrumb","itemListElement":[{"@type":"ListItem","position":1,"name":"Home","item":"https:\/\/audatacity.com\/fr\/"},{"@type":"ListItem","position":2,"name":"Contact"}]},{"@type":"WebSite","@id":"https:\/\/audatacity.com\/fr\/#website","url":"https:\/\/audatacity.com\/fr\/","name":"Audatacity","description":"Lancer et d\u00e9multiplier le business autour de vos produits et data","potentialAction":[{"@type":"SearchAction","target":{"@type":"EntryPoint","urlTemplate":"https:\/\/audatacity.com\/fr\/?s={search_term_string}"},"query-input":"required name=search_term_string"}],"inLanguage":"fr-FR"}]}},"_links":{"self":[{"href":"https:\/\/audatacity.com\/fr\/wp-json\/wp\/v2\/pages\/91"}],"collection":[{"href":"https:\/\/audatacity.com\/fr\/wp-json\/wp\/v2\/pages"}],"about":[{"href":"https:\/\/audatacity.com\/fr\/wp-json\/wp\/v2\/types\/page"}],"author":[{"embeddable":true,"href":"https:\/\/audatacity.com\/fr\/wp-json\/wp\/v2\/users\/1"}],"replies":[{"embeddable":true,"href":"https:\/\/audatacity.com\/fr\/wp-json\/wp\/v2\/comments?post=91"}],"version-history":[{"count":7,"href":"https:\/\/audatacity.com\/fr\/wp-json\/wp\/v2\/pages\/91\/revisions"}],"predecessor-version":[{"id":242,"href":"https:\/\/audatacity.com\/fr\/wp-json\/wp\/v2\/pages\/91\/revisions\/242"}],"wp:attachment":[{"href":"https:\/\/audatacity.com\/fr\/wp-json\/wp\/v2\/media?parent=91"}],"curies":[{"name":"wp","href":"https:\/\/api.w.org\/{rel}","templated":true}]}}