{"id":97,"date":"2022-12-18T13:33:20","date_gmt":"2022-12-18T12:33:20","guid":{"rendered":"https:\/\/audatacity.com\/en\/?page_id=97"},"modified":"2022-12-21T10:19:56","modified_gmt":"2022-12-21T09:19:56","slug":"blog","status":"publish","type":"page","link":"https:\/\/audatacity.com\/fr\/blog\/","title":{"rendered":"Blog"},"content":{"rendered":"\n\n[et_pb_section fb_built=\u00a0\u00bb1&Prime; admin_label=\u00a0\u00bbHero\u00a0\u00bb _builder_version=\u00a0\u00bb4.19.1&Prime; background_color=\u00a0\u00bb#003bde\u00a0\u00bb use_background_color_gradient=\u00a0\u00bbon\u00a0\u00bb background_color_gradient_stops=\u00a0\u00bb#2b2655 1%|rgba(43,38,85,0.87) 14%|#5b9bd5 100%\u00a0\u00bb background_color_gradient_start=\u00a0\u00bb#003bde\u00a0\u00bb background_color_gradient_end=\u00a0\u00bb#58d0ff\u00a0\u00bb custom_padding=\u00a0\u00bb34px|0px|38px|0px|false|false\u00a0\u00bb top_divider_color=\u00a0\u00bb#F2F2F2&Prime; bottom_divider_style=\u00a0\u00bbclouds2&Prime; bottom_divider_color=\u00a0\u00bb#F2F2F2&Prime; global_colors_info=\u00a0\u00bb{}\u00a0\u00bb][et_pb_row _builder_version=\u00a0\u00bb4.19.1&Prime; min_height=\u00a0\u00bb351px\u00a0\u00bb custom_padding=\u00a0\u00bb48px||0px|||\u00a0\u00bb global_colors_info=\u00a0\u00bb{}\u00a0\u00bb][et_pb_column type=\u00a0\u00bb4_4&Prime; _builder_version=\u00a0\u00bb4.16&Prime; custom_padding=\u00a0\u00bb|||\u00a0\u00bb global_colors_info=\u00a0\u00bb{}\u00a0\u00bb custom_padding__hover=\u00a0\u00bb|||\u00a0\u00bb][et_pb_text _builder_version=\u00a0\u00bb4.19.1&Prime; _module_preset=\u00a0\u00bbdefault\u00a0\u00bb header_font=\u00a0\u00bb|700|||||||\u00a0\u00bb header_text_color=\u00a0\u00bb#F2F2F2&Prime; header_font_size=\u00a0\u00bb40px\u00a0\u00bb header_letter_spacing=\u00a0\u00bb2px\u00a0\u00bb header_line_height=\u00a0\u00bb1.5em\u00a0\u00bb custom_padding=\u00a0\u00bb|80px||80px|false|true\u00a0\u00bb custom_padding_tablet=\u00a0\u00bb|10px||10px|false|true\u00a0\u00bb custom_padding_phone=\u00a0\u00bb|0px|64px|0px|false|true\u00a0\u00bb custom_padding_last_edited=\u00a0\u00bbon|tablet\u00a0\u00bb global_colors_info=\u00a0\u00bb{}\u00a0\u00bb]<h1 style=\"text-align: center;\">Les blogs Audatacity sur la data innovation et le marketing produit<\/h1>[\/et_pb_text][\/et_pb_column][\/et_pb_row][\/et_pb_section][et_pb_section fb_built=\u00a0\u00bb1&Prime; _builder_version=\u00a0\u00bb4.19.1&Prime; _module_preset=\u00a0\u00bbdefault\u00a0\u00bb global_colors_info=\u00a0\u00bb{}\u00a0\u00bb][et_pb_row column_structure=\u00a0\u00bb3_4,1_4&Prime; _builder_version=\u00a0\u00bb4.19.1&Prime; _module_preset=\u00a0\u00bbdefault\u00a0\u00bb background_color=\u00a0\u00bb#F2F2F2&Prime; locked=\u00a0\u00bboff\u00a0\u00bb global_colors_info=\u00a0\u00bb{}\u00a0\u00bb][et_pb_column type=\u00a0\u00bb3_4&Prime; _builder_version=\u00a0\u00bb4.19.1&Prime; _module_preset=\u00a0\u00bbdefault\u00a0\u00bb background_color=\u00a0\u00bb#F2F2F2&Prime; global_colors_info=\u00a0\u00bb{}\u00a0\u00bb][et_pb_text disabled_on=\u00a0\u00bbon|on|on\u00a0\u00bb _builder_version=\u00a0\u00bb4.19.1&Prime; _module_preset=\u00a0\u00bbdefault\u00a0\u00bb text_font=\u00a0\u00bb|600|||||||\u00a0\u00bb text_text_color=\u00a0\u00bb#DF7A1E\u00a0\u00bb text_font_size=\u00a0\u00bb30px\u00a0\u00bb header_2_font=\u00a0\u00bb|600|||||||\u00a0\u00bb header_2_text_color=\u00a0\u00bb#DF7A1E\u00a0\u00bb disabled=\u00a0\u00bbon\u00a0\u00bb global_colors_info=\u00a0\u00bb{}\u00a0\u00bb]<h2><span style=\"font-size: x-large;\">Frenchy, chic et soft<\/span><span style=\"font-size: x-large;\">: Points de vue d&rsquo;experts, et dirigeants des start-ups fran\u00e7aises innovantes.<\/span><\/h2>[\/et_pb_text][et_pb_text _builder_version=\u00a0\u00bb4.19.1&Prime; _module_preset=\u00a0\u00bbdefault\u00a0\u00bb text_font=\u00a0\u00bb|600|||||||\u00a0\u00bb text_text_color=\u00a0\u00bb#DF7A1E\u00a0\u00bb text_font_size=\u00a0\u00bb30px\u00a0\u00bb header_2_font=\u00a0\u00bb|600|||||||\u00a0\u00bb header_2_text_color=\u00a0\u00bb#DF7A1E\u00a0\u00bb global_colors_info=\u00a0\u00bb{}\u00a0\u00bb]<h2><span style=\"font-size: x-large;\">Oh, data city ! Quoi de neuf du c\u00f4t\u00e9 de la data ?<\/span><\/h2>[\/et_pb_text][et_pb_blog fullwidth=\u00a0\u00bboff\u00a0\u00bb include_categories=\u00a0\u00bb6&Prime; use_overlay=\u00a0\u00bbon\u00a0\u00bb overlay_icon_color=\u00a0\u00bb#FBEEE0&Prime; hover_overlay_color=\u00a0\u00bbrgba(91,155,213,0.29)\u00a0\u00bb hover_icon=\u00a0\u00bb&#xf530;||fa||900&Prime; masonry_tile_background_color=\u00a0\u00bb#fefefe\u00a0\u00bb _builder_version=\u00a0\u00bb4.19.1&Prime; _module_preset=\u00a0\u00bbdefault\u00a0\u00bb header_font=\u00a0\u00bb|600|||||||\u00a0\u00bb header_text_color=\u00a0\u00bb#2B2655&Prime; header_font_size=\u00a0\u00bb18px\u00a0\u00bb header_line_height=\u00a0\u00bb1.3em\u00a0\u00bb body_font=\u00a0\u00bb||||||||\u00a0\u00bb body_text_color=\u00a0\u00bb#2B2655&Prime; body_line_height=\u00a0\u00bb1.6em\u00a0\u00bb meta_font=\u00a0\u00bb|300|||||||\u00a0\u00bb meta_text_color=\u00a0\u00bb#DF7A1E\u00a0\u00bb meta_font_size=\u00a0\u00bb14px\u00a0\u00bb pagination_font=\u00a0\u00bbDM Sans|700||on|||||\u00a0\u00bb pagination_text_color=\u00a0\u00bb#ff7753&Prime; pagination_font_size=\u00a0\u00bb12px\u00a0\u00bb pagination_letter_spacing=\u00a0\u00bb2px\u00a0\u00bb background_enable_color=\u00a0\u00bboff\u00a0\u00bb text_orientation=\u00a0\u00bbleft\u00a0\u00bb hover_enabled=\u00a0\u00bb0&Prime; header_font_size_tablet=\u00a0\u00bb18px\u00a0\u00bb header_font_size_phone=\u00a0\u00bb16px\u00a0\u00bb header_font_size_last_edited=\u00a0\u00bbon|desktop\u00a0\u00bb body_font_size_tablet=\u00a0\u00bb14px\u00a0\u00bb body_font_size_last_edited=\u00a0\u00bboff|desktop\u00a0\u00bb background_last_edited=\u00a0\u00bboff|desktop\u00a0\u00bb border_radii=\u00a0\u00bbon|8px|8px|8px|8px\u00a0\u00bb border_width_all=\u00a0\u00bb0px\u00a0\u00bb box_shadow_style=\u00a0\u00bbpreset3&Prime; box_shadow_vertical=\u00a0\u00bb40px\u00a0\u00bb box_shadow_blur=\u00a0\u00bb60px\u00a0\u00bb box_shadow_spread=\u00a0\u00bb-10px\u00a0\u00bb box_shadow_color=\u00a0\u00bbrgba(0,0,0,0.15)\u00a0\u00bb locked=\u00a0\u00bboff\u00a0\u00bb global_colors_info=\u00a0\u00bb{}\u00a0\u00bb masonry_tile_background_color__hover_enabled=\u00a0\u00bbon|hover\u00a0\u00bb masonry_tile_background_color__hover=\u00a0\u00bb#fefefe\u00a0\u00bb background__hover_enabled=\u00a0\u00bbon|hover\u00a0\u00bb sticky_enabled=\u00a0\u00bb0&Prime;][\/et_pb_blog][et_pb_text _builder_version=\u00a0\u00bb4.19.1&Prime; _module_preset=\u00a0\u00bbdefault\u00a0\u00bb text_font=\u00a0\u00bbDM Sans|600|||||||\u00a0\u00bb text_text_color=\u00a0\u00bb#DF7A1E\u00a0\u00bb text_font_size=\u00a0\u00bb30px\u00a0\u00bb header_2_font=\u00a0\u00bb|600|||||||\u00a0\u00bb header_2_text_color=\u00a0\u00bb#DF7A1E\u00a0\u00bb global_colors_info=\u00a0\u00bb{}\u00a0\u00bb]<p><span style=\"font-size: x-large;\">Product marketing : Les bonnes pratiques pour booster l\u2019impact de vos produits et solutions<\/span><\/p>[\/et_pb_text][et_pb_blog fullwidth=\u00a0\u00bboff\u00a0\u00bb include_categories=\u00a0\u00bb7&Prime; use_overlay=\u00a0\u00bbon\u00a0\u00bb overlay_icon_color=\u00a0\u00bb#FBEEE0&Prime; hover_overlay_color=\u00a0\u00bbrgba(91,155,213,0.29)\u00a0\u00bb hover_icon=\u00a0\u00bb&#xf530;||fa||900&Prime; masonry_tile_background_color=\u00a0\u00bb#fefefe\u00a0\u00bb _builder_version=\u00a0\u00bb4.19.1&Prime; _module_preset=\u00a0\u00bbdefault\u00a0\u00bb header_font=\u00a0\u00bb|600|||||||\u00a0\u00bb header_text_color=\u00a0\u00bb#2B2655&Prime; header_font_size=\u00a0\u00bb18px\u00a0\u00bb header_line_height=\u00a0\u00bb1.3em\u00a0\u00bb body_font=\u00a0\u00bb||||||||\u00a0\u00bb body_text_color=\u00a0\u00bb#2B2655&Prime; body_line_height=\u00a0\u00bb1.6em\u00a0\u00bb meta_font=\u00a0\u00bb|300|||||||\u00a0\u00bb meta_text_color=\u00a0\u00bb#DF7A1E\u00a0\u00bb meta_font_size=\u00a0\u00bb14px\u00a0\u00bb pagination_font=\u00a0\u00bbDM Sans|700||on|||||\u00a0\u00bb pagination_text_color=\u00a0\u00bb#ff7753&Prime; pagination_font_size=\u00a0\u00bb12px\u00a0\u00bb pagination_letter_spacing=\u00a0\u00bb2px\u00a0\u00bb background_enable_color=\u00a0\u00bboff\u00a0\u00bb text_orientation=\u00a0\u00bbleft\u00a0\u00bb hover_enabled=\u00a0\u00bb0&Prime; header_font_size_tablet=\u00a0\u00bb18px\u00a0\u00bb header_font_size_phone=\u00a0\u00bb16px\u00a0\u00bb header_font_size_last_edited=\u00a0\u00bbon|desktop\u00a0\u00bb body_font_size_tablet=\u00a0\u00bb14px\u00a0\u00bb body_font_size_last_edited=\u00a0\u00bboff|desktop\u00a0\u00bb background_last_edited=\u00a0\u00bboff|desktop\u00a0\u00bb border_radii=\u00a0\u00bbon|8px|8px|8px|8px\u00a0\u00bb border_width_all=\u00a0\u00bb0px\u00a0\u00bb box_shadow_style=\u00a0\u00bbpreset3&Prime; box_shadow_vertical=\u00a0\u00bb40px\u00a0\u00bb box_shadow_blur=\u00a0\u00bb60px\u00a0\u00bb box_shadow_spread=\u00a0\u00bb-10px\u00a0\u00bb box_shadow_color=\u00a0\u00bbrgba(0,0,0,0.15)\u00a0\u00bb locked=\u00a0\u00bboff\u00a0\u00bb global_colors_info=\u00a0\u00bb{}\u00a0\u00bb masonry_tile_background_color__hover_enabled=\u00a0\u00bbon|hover\u00a0\u00bb masonry_tile_background_color__hover=\u00a0\u00bb#fefefe\u00a0\u00bb background__hover_enabled=\u00a0\u00bbon|hover\u00a0\u00bb sticky_enabled=\u00a0\u00bb0&Prime;][\/et_pb_blog][et_pb_post_title title=\u00a0\u00bboff\u00a0\u00bb meta=\u00a0\u00bboff\u00a0\u00bb force_fullwidth=\u00a0\u00bboff\u00a0\u00bb image_max_width=\u00a0\u00bb80%\u00a0\u00bb _builder_version=\u00a0\u00bb4.19.1&Prime; _module_preset=\u00a0\u00bbdefault\u00a0\u00bb width=\u00a0\u00bb100%\u00a0\u00bb width_tablet=\u00a0\u00bb80%\u00a0\u00bb width_phone=\u00a0\u00bb100%\u00a0\u00bb width_last_edited=\u00a0\u00bbon|tablet\u00a0\u00bb global_colors_info=\u00a0\u00bb{}\u00a0\u00bb][\/et_pb_post_title][\/et_pb_column][et_pb_column type=\u00a0\u00bb1_4&Prime; _builder_version=\u00a0\u00bb4.19.1&Prime; _module_preset=\u00a0\u00bbdefault\u00a0\u00bb background_color=\u00a0\u00bbRGBA(255,255,255,0)\u00a0\u00bb custom_padding=\u00a0\u00bb|||40px|false|false\u00a0\u00bb sticky_position=\u00a0\u00bbtop\u00a0\u00bb sticky_offset_top=\u00a0\u00bb15px\u00a0\u00bb sticky_limit_top=\u00a0\u00bbbody\u00a0\u00bb sticky_limit_bottom=\u00a0\u00bbrow\u00a0\u00bb sticky_position_tablet=\u00a0\u00bbnone\u00a0\u00bb sticky_position_phone=\u00a0\u00bbnone\u00a0\u00bb sticky_position_last_edited=\u00a0\u00bbon|phone\u00a0\u00bb border_width_left=\u00a0\u00bb2px\u00a0\u00bb border_color_left=\u00a0\u00bb#DF7A1E\u00a0\u00bb global_colors_info=\u00a0\u00bb{}\u00a0\u00bb custom_css_main_element_last_edited=\u00a0\u00bbon|tablet\u00a0\u00bb custom_css_main_element_tablet=\u00a0\u00bbdisplay:block;||position: static;\u00a0\u00bb custom_css_main_element_phone=\u00a0\u00bbposition: static;\u00a0\u00bb][et_pb_search button_color=\u00a0\u00bb#DF7A1E\u00a0\u00bb placeholder_color=\u00a0\u00bb#2B2655&Prime; _builder_version=\u00a0\u00bb4.19.1&Prime; _module_preset=\u00a0\u00bbdefault\u00a0\u00bb form_field_background_color=\u00a0\u00bb#F2F2F2&Prime; form_field_text_color=\u00a0\u00bb#2B2655&Prime; form_field_focus_background_color=\u00a0\u00bb#FBEEE0&Prime; form_field_focus_text_color=\u00a0\u00bb#2B2655&Prime; button_text_color=\u00a0\u00bb#F2F2F2&Prime; button_font_size=\u00a0\u00bb12px\u00a0\u00bb border_radii=\u00a0\u00bbon|50px|50px|50px|50px\u00a0\u00bb border_width_all=\u00a0\u00bb2px\u00a0\u00bb border_color_all=\u00a0\u00bb#DF7A1E\u00a0\u00bb global_colors_info=\u00a0\u00bb{}\u00a0\u00bb form_field_background_color__hover_enabled=\u00a0\u00bbon|hover\u00a0\u00bb form_field_background_color__hover=\u00a0\u00bb#FBEEE0&Prime;][\/et_pb_search][et_pb_sidebar orientation=\u00a0\u00bbright\u00a0\u00bb module_class=\u00a0\u00bbsticky-section\u00a0\u00bb _builder_version=\u00a0\u00bb4.19.1&Prime; _module_preset=\u00a0\u00bbdefault\u00a0\u00bb body_font=\u00a0\u00bb|600|||||||\u00a0\u00bb body_text_color=\u00a0\u00bb#2B2655&Prime; custom_padding=\u00a0\u00bb|||4px||\u00a0\u00bb border_color_all=\u00a0\u00bbRGBA(255,255,255,0)\u00a0\u00bb global_colors_info=\u00a0\u00bb{}\u00a0\u00bb][\/et_pb_sidebar][\/et_pb_column][\/et_pb_row][\/et_pb_section][et_pb_section fb_built=\u00a0\u00bb1&Prime; admin_label=\u00a0\u00bbHero\u00a0\u00bb _builder_version=\u00a0\u00bb4.19.1&Prime; background_color=\u00a0\u00bb#003bde\u00a0\u00bb use_background_color_gradient=\u00a0\u00bbon\u00a0\u00bb background_color_gradient_direction=\u00a0\u00bb0deg\u00a0\u00bb background_color_gradient_stops=\u00a0\u00bb#3c5184 0%|#2b2655 0%|rgba(74, 114, 168, 1) 100%|#5b9bd5 100%\u00a0\u00bb background_color_gradient_start=\u00a0\u00bb#003bde\u00a0\u00bb background_color_gradient_end=\u00a0\u00bb#58d0ff\u00a0\u00bb custom_padding=\u00a0\u00bb34px|0px|40px|0px|false|false\u00a0\u00bb top_divider_style=\u00a0\u00bbclouds2&Prime; top_divider_color=\u00a0\u00bb#F2F2F2&Prime; bottom_divider_color=\u00a0\u00bb#F2F2F2&Prime; global_colors_info=\u00a0\u00bb{}\u00a0\u00bb][et_pb_row _builder_version=\u00a0\u00bb4.19.1&Prime; _module_preset=\u00a0\u00bbdefault\u00a0\u00bb custom_padding=\u00a0\u00bb128px|||||\u00a0\u00bb global_colors_info=\u00a0\u00bb{}\u00a0\u00bb][et_pb_column type=\u00a0\u00bb4_4&Prime; _builder_version=\u00a0\u00bb4.16&Prime; _module_preset=\u00a0\u00bbdefault\u00a0\u00bb global_colors_info=\u00a0\u00bb{}\u00a0\u00bb][et_pb_text _builder_version=\u00a0\u00bb4.19.1&Prime; _module_preset=\u00a0\u00bbdf96b77a-cd4f-44a8-a771-2d6347592b53&Prime; header_2_font=\u00a0\u00bbDM Sans||||||||\u00a0\u00bb header_2_text_align=\u00a0\u00bbcenter\u00a0\u00bb header_2_text_color=\u00a0\u00bb#FFFFFF\u00a0\u00bb header_2_font_size=\u00a0\u00bb50px\u00a0\u00bb header_2_letter_spacing=\u00a0\u00bb-0.02em\u00a0\u00bb header_2_line_height=\u00a0\u00bb1.15em\u00a0\u00bb max_width=\u00a0\u00bb960px\u00a0\u00bb module_alignment=\u00a0\u00bbcenter\u00a0\u00bb custom_margin=\u00a0\u00bb||18px|||\u00a0\u00bb header_2_text_align_tablet=\u00a0\u00bbleft\u00a0\u00bb header_2_text_align_phone=\u00a0\u00bb\u00a0\u00bb header_2_text_align_last_edited=\u00a0\u00bbon|phone\u00a0\u00bb header_2_font_size_tablet=\u00a0\u00bb32px\u00a0\u00bb header_2_font_size_phone=\u00a0\u00bb20px\u00a0\u00bb header_2_font_size_last_edited=\u00a0\u00bbon|desktop\u00a0\u00bb locked=\u00a0\u00bboff\u00a0\u00bb global_colors_info=\u00a0\u00bb{}\u00a0\u00bb]<h2>Une question ? Un besoin d&rsquo;expertise en marketing produit ou innovation data ?<\/h2>[\/et_pb_text][et_pb_button button_url=\u00a0\u00bb@ET-DC@eyJkeW5hbWljIjp0cnVlLCJjb250ZW50IjoicG9zdF9saW5rX3VybF9wYWdlIiwic2V0dGluZ3MiOnsicG9zdF9pZCI6IjkxIn19@\u00a0\u00bb button_text=\u00a0\u00bbContactez-moi\u00a0\u00bb button_alignment=\u00a0\u00bbcenter\u00a0\u00bb _builder_version=\u00a0\u00bb4.19.1&Prime; custom_button=\u00a0\u00bbon\u00a0\u00bb button_text_size=\u00a0\u00bb14px\u00a0\u00bb button_text_color=\u00a0\u00bb#F2F2F2&Prime; button_bg_color=\u00a0\u00bb#DF7A1E\u00a0\u00bb button_border_width=\u00a0\u00bb0px\u00a0\u00bb button_border_color=\u00a0\u00bbRGBA(255,255,255,0)\u00a0\u00bb button_border_radius=\u00a0\u00bb40px\u00a0\u00bb button_letter_spacing=\u00a0\u00bb1px\u00a0\u00bb button_font=\u00a0\u00bb|600||on|||||\u00a0\u00bb button_icon_color=\u00a0\u00bb#F2F2F2&Prime; background_layout=\u00a0\u00bbdark\u00a0\u00bb custom_margin=\u00a0\u00bb|||\u00a0\u00bb custom_padding=\u00a0\u00bb16px|40px|16px|40px|true|true\u00a0\u00bb hover_enabled=\u00a0\u00bb0&Prime; button_border_radius_hover=\u00a0\u00bb4px\u00a0\u00bb button_letter_spacing_hover=\u00a0\u00bb1px\u00a0\u00bb button_bg_color_hover=\u00a0\u00bb#0053ef\u00a0\u00bb global_colors_info=\u00a0\u00bb{}\u00a0\u00bb button_text_size__hover_enabled=\u00a0\u00bboff\u00a0\u00bb button_one_text_size__hover_enabled=\u00a0\u00bboff\u00a0\u00bb button_two_text_size__hover_enabled=\u00a0\u00bboff\u00a0\u00bb button_text_color__hover_enabled=\u00a0\u00bbon|desktop\u00a0\u00bb button_one_text_color__hover_enabled=\u00a0\u00bboff\u00a0\u00bb button_two_text_color__hover_enabled=\u00a0\u00bboff\u00a0\u00bb button_border_width__hover_enabled=\u00a0\u00bboff\u00a0\u00bb button_one_border_width__hover_enabled=\u00a0\u00bboff\u00a0\u00bb button_two_border_width__hover_enabled=\u00a0\u00bboff\u00a0\u00bb button_border_color__hover_enabled=\u00a0\u00bboff\u00a0\u00bb button_one_border_color__hover_enabled=\u00a0\u00bboff\u00a0\u00bb button_two_border_color__hover_enabled=\u00a0\u00bboff\u00a0\u00bb button_border_radius__hover_enabled=\u00a0\u00bbon|hover\u00a0\u00bb button_border_radius__hover=\u00a0\u00bb40px\u00a0\u00bb button_one_border_radius__hover_enabled=\u00a0\u00bboff\u00a0\u00bb button_two_border_radius__hover_enabled=\u00a0\u00bboff\u00a0\u00bb button_letter_spacing__hover_enabled=\u00a0\u00bbon\u00a0\u00bb button_letter_spacing__hover=\u00a0\u00bb1px\u00a0\u00bb button_one_letter_spacing__hover_enabled=\u00a0\u00bboff\u00a0\u00bb button_two_letter_spacing__hover_enabled=\u00a0\u00bboff\u00a0\u00bb button_bg_color__hover_enabled=\u00a0\u00bbon|hover\u00a0\u00bb button_bg_color__hover=\u00a0\u00bb#dd9552&Prime; button_one_bg_color__hover_enabled=\u00a0\u00bboff\u00a0\u00bb button_two_bg_color__hover_enabled=\u00a0\u00bboff\u00a0\u00bb button_bg_enable_color__hover=\u00a0\u00bbon\u00a0\u00bb button_text_color__hover=\u00a0\u00bb#F2F2F2&Prime; _dynamic_attributes=\u00a0\u00bbbutton_url\u00a0\u00bb sticky_enabled=\u00a0\u00bb0&Prime;][\/et_pb_button][\/et_pb_column][\/et_pb_row][\/et_pb_section]\n\n","protected":false},"excerpt":{"rendered":"<p>Les blogs Audatacity sur la data innovation et le marketing produitFrenchy, chic et soft: Points de vue d&rsquo;experts, et dirigeants des start-ups fran\u00e7aises innovantes.Oh, data city ! Quoi de neuf du c\u00f4t\u00e9 de la data ?Product marketing : Les bonnes pratiques pour booster l\u2019impact de vos produits et solutionsUne question ? Un besoin d&rsquo;expertise en [&hellip;]<\/p>\n","protected":false},"author":1,"featured_media":0,"parent":0,"menu_order":0,"comment_status":"closed","ping_status":"closed","template":"","meta":{"_et_pb_use_builder":"on","_et_pb_old_content":"","_et_gb_content_width":"","footnotes":""},"yoast_head":"<!-- This site is optimized with the Yoast SEO plugin v20.13 - https:\/\/yoast.com\/wordpress\/plugins\/seo\/ -->\n<title>Audatacity - Blog - Tendances sur la data et le marketing produit<\/title>\n<meta name=\"description\" content=\"Tout sur le monde du marketing produit, de l&#039;innovation data, et des experts et entrepreneurs fran\u00e7ais de la data\" \/>\n<meta name=\"robots\" content=\"index, follow, max-snippet:-1, max-image-preview:large, max-video-preview:-1\" \/>\n<link rel=\"canonical\" href=\"https:\/\/audatacity.com\/fr\/blog\/\" \/>\n<meta property=\"og:locale\" content=\"fr_FR\" \/>\n<meta property=\"og:type\" content=\"article\" \/>\n<meta property=\"og:title\" content=\"Audatacity - Blog - Tendances sur la data et le marketing produit\" \/>\n<meta property=\"og:description\" content=\"Tout sur le monde du marketing produit, de l&#039;innovation data, et des experts et entrepreneurs fran\u00e7ais de la data\" \/>\n<meta property=\"og:url\" content=\"https:\/\/audatacity.com\/fr\/blog\/\" \/>\n<meta property=\"og:site_name\" content=\"Audatacity\" \/>\n<meta property=\"article:modified_time\" content=\"2022-12-21T09:19:56+00:00\" \/>\n<meta name=\"twitter:card\" content=\"summary_large_image\" \/>\n<meta name=\"twitter:label1\" content=\"Dur\u00e9e de lecture estim\u00e9e\" \/>\n\t<meta name=\"twitter:data1\" content=\"3 minutes\" \/>\n<script type=\"application\/ld+json\" class=\"yoast-schema-graph\">{\"@context\":\"https:\/\/schema.org\",\"@graph\":[{\"@type\":\"WebPage\",\"@id\":\"https:\/\/audatacity.com\/fr\/blog\/\",\"url\":\"https:\/\/audatacity.com\/fr\/blog\/\",\"name\":\"Audatacity - Blog - Tendances sur la data et le marketing produit\",\"isPartOf\":{\"@id\":\"https:\/\/audatacity.com\/fr\/#website\"},\"datePublished\":\"2022-12-18T12:33:20+00:00\",\"dateModified\":\"2022-12-21T09:19:56+00:00\",\"description\":\"Tout sur le monde du marketing produit, de l'innovation data, et des experts et entrepreneurs fran\u00e7ais de la data\",\"breadcrumb\":{\"@id\":\"https:\/\/audatacity.com\/fr\/blog\/#breadcrumb\"},\"inLanguage\":\"fr-FR\",\"potentialAction\":[{\"@type\":\"ReadAction\",\"target\":[\"https:\/\/audatacity.com\/fr\/blog\/\"]}]},{\"@type\":\"BreadcrumbList\",\"@id\":\"https:\/\/audatacity.com\/fr\/blog\/#breadcrumb\",\"itemListElement\":[{\"@type\":\"ListItem\",\"position\":1,\"name\":\"Home\",\"item\":\"https:\/\/audatacity.com\/fr\/\"},{\"@type\":\"ListItem\",\"position\":2,\"name\":\"Blog\"}]},{\"@type\":\"WebSite\",\"@id\":\"https:\/\/audatacity.com\/fr\/#website\",\"url\":\"https:\/\/audatacity.com\/fr\/\",\"name\":\"Audatacity\",\"description\":\"Lancer et d\u00e9multiplier le business autour de vos produits et data\",\"potentialAction\":[{\"@type\":\"SearchAction\",\"target\":{\"@type\":\"EntryPoint\",\"urlTemplate\":\"https:\/\/audatacity.com\/fr\/?s={search_term_string}\"},\"query-input\":\"required name=search_term_string\"}],\"inLanguage\":\"fr-FR\"}]}<\/script>\n<!-- \/ Yoast SEO plugin. -->","yoast_head_json":{"title":"Audatacity - Blog - Tendances sur la data et le marketing produit","description":"Tout sur le monde du marketing produit, de l'innovation data, et des experts et entrepreneurs fran\u00e7ais de la data","robots":{"index":"index","follow":"follow","max-snippet":"max-snippet:-1","max-image-preview":"max-image-preview:large","max-video-preview":"max-video-preview:-1"},"canonical":"https:\/\/audatacity.com\/fr\/blog\/","og_locale":"fr_FR","og_type":"article","og_title":"Audatacity - Blog - Tendances sur la data et le marketing produit","og_description":"Tout sur le monde du marketing produit, de l'innovation data, et des experts et entrepreneurs fran\u00e7ais de la data","og_url":"https:\/\/audatacity.com\/fr\/blog\/","og_site_name":"Audatacity","article_modified_time":"2022-12-21T09:19:56+00:00","twitter_card":"summary_large_image","twitter_misc":{"Dur\u00e9e de lecture estim\u00e9e":"3 minutes"},"schema":{"@context":"https:\/\/schema.org","@graph":[{"@type":"WebPage","@id":"https:\/\/audatacity.com\/fr\/blog\/","url":"https:\/\/audatacity.com\/fr\/blog\/","name":"Audatacity - Blog - Tendances sur la data et le marketing produit","isPartOf":{"@id":"https:\/\/audatacity.com\/fr\/#website"},"datePublished":"2022-12-18T12:33:20+00:00","dateModified":"2022-12-21T09:19:56+00:00","description":"Tout sur le monde du marketing produit, de l'innovation data, et des experts et entrepreneurs fran\u00e7ais de la data","breadcrumb":{"@id":"https:\/\/audatacity.com\/fr\/blog\/#breadcrumb"},"inLanguage":"fr-FR","potentialAction":[{"@type":"ReadAction","target":["https:\/\/audatacity.com\/fr\/blog\/"]}]},{"@type":"BreadcrumbList","@id":"https:\/\/audatacity.com\/fr\/blog\/#breadcrumb","itemListElement":[{"@type":"ListItem","position":1,"name":"Home","item":"https:\/\/audatacity.com\/fr\/"},{"@type":"ListItem","position":2,"name":"Blog"}]},{"@type":"WebSite","@id":"https:\/\/audatacity.com\/fr\/#website","url":"https:\/\/audatacity.com\/fr\/","name":"Audatacity","description":"Lancer et d\u00e9multiplier le business autour de vos produits et data","potentialAction":[{"@type":"SearchAction","target":{"@type":"EntryPoint","urlTemplate":"https:\/\/audatacity.com\/fr\/?s={search_term_string}"},"query-input":"required name=search_term_string"}],"inLanguage":"fr-FR"}]}},"_links":{"self":[{"href":"https:\/\/audatacity.com\/fr\/wp-json\/wp\/v2\/pages\/97"}],"collection":[{"href":"https:\/\/audatacity.com\/fr\/wp-json\/wp\/v2\/pages"}],"about":[{"href":"https:\/\/audatacity.com\/fr\/wp-json\/wp\/v2\/types\/page"}],"author":[{"embeddable":true,"href":"https:\/\/audatacity.com\/fr\/wp-json\/wp\/v2\/users\/1"}],"replies":[{"embeddable":true,"href":"https:\/\/audatacity.com\/fr\/wp-json\/wp\/v2\/comments?post=97"}],"version-history":[{"count":7,"href":"https:\/\/audatacity.com\/fr\/wp-json\/wp\/v2\/pages\/97\/revisions"}],"predecessor-version":[{"id":229,"href":"https:\/\/audatacity.com\/fr\/wp-json\/wp\/v2\/pages\/97\/revisions\/229"}],"wp:attachment":[{"href":"https:\/\/audatacity.com\/fr\/wp-json\/wp\/v2\/media?parent=97"}],"curies":[{"name":"wp","href":"https:\/\/api.w.org\/{rel}","templated":true}]}}